{"id":21993,"date":"2026-04-28T17:18:00","date_gmt":"2026-04-28T14:18:00","guid":{"rendered":"https:\/\/dealit.lv\/?post_type=product&#038;p=21993"},"modified":"2026-05-01T18:50:29","modified_gmt":"2026-05-01T15:50:29","slug":"apple-iphone-17-pro-512-gb-deep-blue-mg8n4hx-a","status":"publish","type":"product","link":"https:\/\/dealit.lv\/ru\/product\/apple-iphone-17-pro-512-gb-deep-blue-mg8n4hx-a\/","title":{"rendered":"Apple iPhone 17 Pro 512 \u0413\u0411, \u0442\u0435\u043c\u043d\u043e-\u0441\u0438\u043d\u0438\u0439 MG8N4HX\/A"},"content":{"rendered":"<h2 style=\"color: #333333;\">Apple iPhone 17 Pro 512 GB \u2014 Deep Blue MG8N4HX\/A<\/h2>\n<p>Apple iPhone 17 Pro 512 GB ar 6.3 collu Super Retina XDR displeju un ProMotion l\u012bdz 120 Hz nodro\u0161ina pl\u016bsto\u0161u darb\u012bbu un skaidru att\u0113lu gan ikdienas lieto\u0161an\u0101, gan pras\u012bg\u0101s aplik\u0101cij\u0101s. iPhone 17 Pro apvieno A19 Pro mikrosh\u0113mas sniegumu, lielu 512 GB atmi\u0146u un modernu Pro Fusion kameru sist\u0113mu ar Centre Stage funkciju priek\u0161\u0113jai kamerai.<\/p>\n<h3 style=\"color: #333333;\">\u041a\u0440\u0430\u0442\u043a\u0438\u0439 \u043e\u0431\u0437\u043e\u0440<\/h3>\n<ul>\n<li>Displejs: 6.3 collu Super Retina XDR ar ProMotion l\u012bdz 120 Hz<\/li>\n<li>Procesors: A19 Pro \u2014 jaud\u012bgs un energotaup\u012bgs<\/li>\n<li>Atmi\u0146a: 512 GB iek\u0161\u0113j\u0101 kr\u0101tuve<\/li>\n<li>Kamera: Pro Fusion sist\u0113ma ar uzlabotu fotograf\u0113\u0161anu un Centre Stage priek\u0161\u0113jo kameru<\/li>\n<li>Savienojam\u012bba: 5G, Bluetooth, NFC, USB, Wi\u2011Fi \u2014 atblo\u0137\u0113ts visiem operatoriem<\/li>\n<\/ul>\n<h3 style=\"color: #333333;\">\u0422\u0435\u0445\u043d\u0438\u0447\u0435\u0441\u043a\u0438\u0435 \u0445\u0430\u0440\u0430\u043a\u0442\u0435\u0440\u0438\u0441\u0442\u0438\u043a\u0438<\/h3>\n<table style=\"width: 100%; border-collapse: collapse; color: #333333;\">\n<tbody>\n<tr>\n<th style=\"text-align: left; padding: 8px; border-bottom: 1px solid #ddd;\">\u0424\u0443\u043d\u043a\u0446\u0438\u044f<\/th>\n<th style=\"text-align: left; padding: 8px; border-bottom: 1px solid #ddd;\">\u0426\u0435\u043d\u0438\u0442\u044c<\/th>\n<\/tr>\n<tr>\n<td style=\"padding: 8px; border-bottom: 1px solid #eee;\">\u0411\u0440\u0435\u043d\u0434<\/td>\n<td style=\"padding: 8px; border-bottom: 1px solid #eee;\">\u042f\u0431\u043b\u043e\u043a\u043e<\/td>\n<\/tr>\n<tr>\n<td style=\"padding: 8px; border-bottom: 1px solid #eee;\">\u041c\u043e\u0434\u0435\u043b\u044c<\/td>\n<td style=\"padding: 8px; border-bottom: 1px solid #eee;\">iPhone 17 Pro<\/td>\n<\/tr>\n<tr>\n<td style=\"padding: 8px; border-bottom: 1px solid #eee;\">\u041e\u043f\u0435\u0440\u0430\u0446\u0438\u043e\u043d\u043d\u0430\u044f \u0441\u0438\u0441\u0442\u0435\u043c\u0430<\/td>\n<td style=\"padding: 8px; border-bottom: 1px solid #eee;\">iOS<\/td>\n<\/tr>\n<tr>\n<td style=\"padding: 8px; border-bottom: 1px solid #eee;\">\u043e\u0431\u044a\u0435\u043c \u043f\u0430\u043c\u044f\u0442\u0438<\/td>\n<td style=\"padding: 8px; border-bottom: 1px solid #eee;\">512 \u0413\u0411<\/td>\n<\/tr>\n<tr>\n<td style=\"padding: 8px; border-bottom: 1px solid #eee;\">\u042d\u043a\u0440\u0430\u043d<\/td>\n<td style=\"padding: 8px; border-bottom: 1px solid #eee;\">6.3 collu Super Retina XDR, 2622 x 1206, ProMotion l\u012bdz 120 Hz<\/td>\n<\/tr>\n<tr>\n<td style=\"padding: 8px; border-bottom: 1px solid #eee;\">\u041f\u0440\u043e\u0446\u0435\u0441\u0441\u043e\u0440<\/td>\n<td style=\"padding: 8px; border-bottom: 1px solid #eee;\">A19 Pro<\/td>\n<\/tr>\n<tr>\n<td style=\"padding: 8px; border-bottom: 1px solid #eee;\">\u0412\u043e\u0437\u043c\u043e\u0436\u043d\u043e\u0441\u0442\u0438 \u043f\u043e\u0434\u043a\u043b\u044e\u0447\u0435\u043d\u0438\u044f<\/td>\n<td style=\"padding: 8px; border-bottom: 1px solid #eee;\">5G, Bluetooth, NFC, USB, Wi\u2011Fi<\/td>\n<\/tr>\n<tr>\n<td style=\"padding: 8px; border-bottom: 1px solid #eee;\">T\u012bkla atblo\u0137\u0113\u0161ana<\/td>\n<td style=\"padding: 8px; border-bottom: 1px solid #eee;\">Atblo\u0137\u0113ts visiem operatoriem<\/td>\n<\/tr>\n<tr>\n<td style=\"padding: 8px;\">Kamera<\/td>\n<td style=\"padding: 8px;\">Pro Fusion kameru sist\u0113ma ar Centre Stage priek\u0161\u0113jo kameru<\/td>\n<\/tr>\n<\/tbody>\n<\/table>\n<h3 style=\"color: #333333;\">Dizains un akumulators<\/h3>\n<p>Elegants korpuss un optimiz\u0113ta ener\u0123ijas p\u0101rvald\u012bba papla\u0161ina akumulatora ilgm\u016b\u017e\u012bbu, \u013caujot ilg\u0101k darboties vien\u0101 uzl\u0101des cikl\u0101. A19 Pro mikrosh\u0113ma nodro\u0161ina \u0101tru reakciju gan ikdienas uzdevumos, gan intens\u012bv\u0101 sp\u0113\u013cu un multivides lieto\u0161an\u0101.<\/p>\n<h3 style=\"color: #333333;\">\u0427\u0442\u043e \u0432 \u043a\u043e\u0440\u043e\u0431\u043a\u0435?<\/h3>\n<ul>\n<li>Apple iPhone 17 Pro (512 GB)<\/li>\n<li>USB\u2011C kabelis<\/li>\n<li>SIM izspied\u0113jr\u012bks<\/li>\n<li>\u0100tra s\u0101kuma rokasgr\u0101mata un garantijas inform\u0101cija<\/li>\n<\/ul>\n<p>\u0160is apraksts pal\u012bdz izv\u0113rt\u0113t iPhone 17 Pro priek\u0161roc\u012bbas \u2014 no skaista 6.3 collu displeja l\u012bdz jaud\u012bgajai A19 Pro mikrosh\u0113mai un uzlabotajai kameru sist\u0113mai, kas atbalsta rado\u0161u saturu veido\u0161anu. Pas\u016btiet savu Apple iPhone 17 Pro un uzlabojiet ikdienas pieredzi ar uzticamu, \u0101tru un daudzpus\u012bgu ier\u012bci.<\/p>","protected":false},"excerpt":{"rendered":"<p>Apple iPhone 17 Pro 512 GB \u2014 6.3 collu ProMotion displejs, A19 Pro mikrosh\u0113ma, Pro Fusion kamera.<\/p>\n<hr \/>\n<p><span style=\"color: #339966;\"><strong>\u0411\u0435\u0441\u043f\u043b\u0430\u0442\u043d\u0430\u044f \u0434\u043e\u0441\u0442\u0430\u0432\u043a\u0430<\/strong><\/span><\/p>","protected":false},"featured_media":21992,"template":"","meta":[],"product_brand":[137],"product_cat":[26,25],"product_tag":[],"class_list":{"0":"post-21993","1":"product","2":"type-product","3":"status-publish","4":"has-post-thumbnail","6":"product_brand-apple","7":"product_cat-apple","8":"product_cat-viedtalruni","10":"first","11":"instock","12":"sale","13":"taxable","14":"shipping-taxable","15":"purchasable","16":"product-type-simple"},"_links":{"self":[{"href":"https:\/\/dealit.lv\/ru\/wp-json\/wp\/v2\/product\/21993","targetHints":{"allow":["GET"]}}],"collection":[{"href":"https:\/\/dealit.lv\/ru\/wp-json\/wp\/v2\/product"}],"about":[{"href":"https:\/\/dealit.lv\/ru\/wp-json\/wp\/v2\/types\/product"}],"wp:featuredmedia":[{"embeddable":true,"href":"https:\/\/dealit.lv\/ru\/wp-json\/wp\/v2\/media\/21992"}],"wp:attachment":[{"href":"https:\/\/dealit.lv\/ru\/wp-json\/wp\/v2\/media?parent=21993"}],"wp:term":[{"taxonomy":"product_brand","embeddable":true,"href":"https:\/\/dealit.lv\/ru\/wp-json\/wp\/v2\/product_brand?post=21993"},{"taxonomy":"product_cat","embeddable":true,"href":"https:\/\/dealit.lv\/ru\/wp-json\/wp\/v2\/product_cat?post=21993"},{"taxonomy":"product_tag","embeddable":true,"href":"https:\/\/dealit.lv\/ru\/wp-json\/wp\/v2\/product_tag?post=21993"}],"curies":[{"name":"WP","href":"https:\/\/api.w.org\/{rel}","templated":true}]}}