{"id":16344,"date":"2025-01-19T14:10:28","date_gmt":"2025-01-19T12:10:28","guid":{"rendered":"https:\/\/dealit.lv\/?post_type=product&#038;p=16344"},"modified":"2026-03-05T16:56:43","modified_gmt":"2026-03-05T14:56:43","slug":"iniu-meta-quest-link-cable-with-charging-port-compatible-meta-quest-3-3s-2-pro-pico4-pro-2-5-gbps-usb-c-fast-charging","status":"publish","type":"product","link":"https:\/\/dealit.lv\/ru\/product\/iniu-meta-quest-link-cable-with-charging-port-compatible-meta-quest-3-3s-2-pro-pico4-pro-2-5-gbps-usb-c-fast-charging\/","title":{"rendered":"\u041a\u0430\u0431\u0435\u043b\u044c INIU Meta Quest Link \u0441 \u043f\u043e\u0440\u0442\u043e\u043c \u0437\u0430\u0440\u044f\u0434\u043a\u0438, \u0441\u043e\u0432\u043c\u0435\u0441\u0442\u0438\u043c\u044b\u043c \u0441 Meta Quest 3\/3S\/2\/Pro PICO4\/Pro (2,5 \u0413\u0431\u0438\u0442\/\u0441, USB C, \u0431\u044b\u0441\u0442\u0440\u0430\u044f \u0437\u0430\u0440\u044f\u0434\u043a\u0430)"},"content":{"rendered":"<p><strong>\u041e\u0441\u043d\u043e\u0432\u043d\u044b\u0435 \u043e\u0441\u043e\u0431\u0435\u043d\u043d\u043e\u0441\u0442\u0438:<\/strong><\/p>\n<ul>\n<li><strong>\u0411\u044b\u0441\u0442\u0440\u0430\u044f \u0437\u0430\u0440\u044f\u0434\u043a\u0430 18 \u0412\u0442 \u0432\u043e \u0432\u0440\u0435\u043c\u044f \u0438\u0433\u0440\u044b.<\/strong>: \u043a\u0430\u0431\u0435\u043b\u044c \u043e\u0441\u043d\u0430\u0449\u0435\u043d \u043e\u0442\u0434\u0435\u043b\u044c\u043d\u044b\u043c \u043f\u043e\u0440\u0442\u043e\u043c \u0434\u043b\u044f \u0437\u0430\u0440\u044f\u0434\u043a\u0438, \u043a\u043e\u0442\u043e\u0440\u044b\u0439 \u043e\u0431\u0435\u0441\u043f\u0435\u0447\u0438\u0432\u0430\u0435\u0442 \u0437\u0430\u0440\u044f\u0434\u043a\u0443 \u043c\u043e\u0449\u043d\u043e\u0441\u0442\u044c\u044e \u0434\u043e 18 \u0412\u0442 \u0432\u043e \u0432\u0440\u0435\u043c\u044f \u0438\u0433\u0440\u044b. \u041f\u043e\u0441\u043a\u043e\u043b\u044c\u043a\u0443 \u0438\u0441\u043f\u043e\u043b\u044c\u0437\u0443\u0435\u0442\u0441\u044f \u0430\u0434\u0430\u043f\u0442\u0435\u0440 PD\/QC, \u043d\u0435 \u043d\u0443\u0436\u043d\u043e \u0431\u0435\u0441\u043f\u043e\u043a\u043e\u0438\u0442\u044c\u0441\u044f \u043e \u0440\u0430\u0437\u0440\u044f\u0434\u0438\u0432\u0448\u0435\u0439\u0441\u044f \u0431\u0430\u0442\u0430\u0440\u0435\u0435 \u0432\u043e \u0432\u0440\u0435\u043c\u044f \u0438\u0433\u0440\u044b \u2014 \u043d\u0430\u0441\u043b\u0430\u0436\u0434\u0430\u0439\u0442\u0435\u0441\u044c \u043d\u0435\u043e\u0433\u0440\u0430\u043d\u0438\u0447\u0435\u043d\u043d\u044b\u043c \u0438\u0433\u0440\u043e\u0432\u044b\u043c \u0432\u0440\u0435\u043c\u0435\u043d\u0435\u043c \u0431\u0435\u0437 \u043f\u0430\u0443\u0437.<\/li>\n<li><strong>SmartProtect 2.0 \u0431\u0435\u0437\u043e\u043f\u0430\u0441\u043d\u0430\u044f \u0437\u0430\u0440\u044f\u0434\u043a\u0430<\/strong>: \u0412\u0441\u0442\u0440\u043e\u0435\u043d\u043d\u044b\u0439 \u0447\u0438\u043f SmartProtect 2.0 \u043e\u0431\u0435\u0441\u043f\u0435\u0447\u0438\u0432\u0430\u0435\u0442 \u0431\u0435\u0437\u043e\u043f\u0430\u0441\u043d\u043e\u0435 \u0440\u0435\u0433\u0443\u043b\u0438\u0440\u043e\u0432\u0430\u043d\u0438\u0435 \u0442\u043e\u043a\u0430, \u0431\u0430\u043b\u0430\u043d\u0441\u0438\u0440\u043e\u0432\u043a\u0443 \u043c\u043e\u0449\u043d\u043e\u0441\u0442\u0438 \u0438 \u043f\u0435\u0440\u0435\u0434\u0430\u0447\u0443 \u0434\u0430\u043d\u043d\u044b\u0445 \u0434\u043b\u044f \u043f\u043e\u0434\u0434\u0435\u0440\u0436\u0430\u043d\u0438\u044f \u0431\u0435\u0437\u043e\u043f\u0430\u0441\u043d\u043e\u0433\u043e \u0443\u0440\u043e\u0432\u043d\u044f \u0437\u0430\u0440\u044f\u0434\u0430 \u0431\u0430\u0442\u0430\u0440\u0435\u0438 (\u043e\u043a\u043e\u043b\u043e 78%), \u043f\u0440\u0435\u0434\u043e\u0442\u0432\u0440\u0430\u0449\u0430\u044f \u0447\u0440\u0435\u0437\u043c\u0435\u0440\u043d\u0443\u044e \u0442\u0435\u043c\u043f\u0435\u0440\u0430\u0442\u0443\u0440\u0443 \u0437\u0430\u0440\u044f\u0434\u043a\u0438 \u0438 \u043f\u0435\u0440\u0435\u0437\u0430\u0440\u044f\u0434\u043a\u0443.<\/li>\n<li><strong>\u0418\u0433\u0440\u043e\u0432\u043e\u0439 \u043e\u043f\u044b\u0442 USB 3.0 \u0441 \u043d\u0438\u0437\u043a\u043e\u0439 \u0437\u0430\u0434\u0435\u0440\u0436\u043a\u043e\u0439<\/strong>: \u043a\u0430\u0431\u0435\u043b\u044c \u043e\u0431\u0435\u0441\u043f\u0435\u0447\u0438\u0432\u0430\u0435\u0442 \u043d\u0438\u0437\u043a\u0443\u044e \u0437\u0430\u0434\u0435\u0440\u0436\u043a\u0443 \u0431\u043b\u0430\u0433\u043e\u0434\u0430\u0440\u044f \u0442\u0435\u0445\u043d\u043e\u043b\u043e\u0433\u0438\u0438 USB 3.0, \u0447\u0442\u043e \u043e\u0431\u0435\u0441\u043f\u0435\u0447\u0438\u0432\u0430\u0435\u0442 \u0431\u044b\u0441\u0442\u0440\u0443\u044e \u043f\u0435\u0440\u0435\u0434\u0430\u0447\u0443 \u0434\u0430\u043d\u043d\u044b\u0445 \u0438 \u0443\u043b\u0443\u0447\u0448\u0435\u043d\u043d\u043e\u0435 \u043a\u0430\u0447\u0435\u0441\u0442\u0432\u043e \u0438\u0437\u043e\u0431\u0440\u0430\u0436\u0435\u043d\u0438\u044f. \u042d\u0442\u043e \u043e\u0431\u0435\u0441\u043f\u0435\u0447\u0438\u0432\u0430\u0435\u0442 \u0435\u0449\u0435 \u0431\u043e\u043b\u0435\u0435 \u043f\u043b\u0430\u0432\u043d\u044b\u0439 \u0438 \u0447\u0435\u0442\u043a\u0438\u0439 \u0438\u0433\u0440\u043e\u0432\u043e\u0439 \u043f\u0440\u043e\u0446\u0435\u0441\u0441 \u0431\u0435\u0437 \u043a\u0430\u043a\u0438\u0445-\u043b\u0438\u0431\u043e \u0441\u0431\u043e\u0435\u0432.<\/li>\n<li><strong>\u0414\u043b\u0438\u043d\u0430 5 \u043c \u0434\u043b\u044f \u0431\u043e\u043b\u044c\u0448\u0435\u0439 \u0441\u0432\u043e\u0431\u043e\u0434\u044b \u043f\u0435\u0440\u0435\u0434\u0432\u0438\u0436\u0435\u043d\u0438\u044f<\/strong>: \u0414\u043b\u0438\u043d\u0430 \u043a\u0430\u0431\u0435\u043b\u044f (5 \u043c) \u0434\u043e\u0441\u0442\u0430\u0442\u043e\u0447\u043d\u0430, \u0447\u0442\u043e\u0431\u044b \u043e\u0431\u0435\u0441\u043f\u0435\u0447\u0438\u0442\u044c \u0434\u043e\u0441\u0442\u0430\u0442\u043e\u0447\u043d\u0443\u044e \u0441\u0432\u043e\u0431\u043e\u0434\u0443 \u0434\u0432\u0438\u0436\u0435\u043d\u0438\u0439, \u043f\u043e\u0437\u0432\u043e\u043b\u044f\u044f \u0432\u0430\u043c \u0441\u0432\u043e\u0431\u043e\u0434\u043d\u043e \u043f\u0435\u0440\u0435\u0434\u0432\u0438\u0433\u0430\u0442\u044c\u0441\u044f \u0432\u043e \u0432\u0440\u0435\u043c\u044f \u0438\u0433\u0440\u044b. \u041a\u0440\u043e\u043c\u0435 \u0442\u043e\u0433\u043e, \u043e\u043d \u043f\u0440\u043e\u0447\u043d\u044b\u0439 <strong>Flyweave<\/strong> \u041f\u043e\u043a\u0440\u044b\u0442\u0438\u0435 \u0434\u0435\u043b\u0430\u0435\u0442 \u043a\u0430\u0431\u0435\u043b\u044c \u043e\u0447\u0435\u043d\u044c \u0443\u0441\u0442\u043e\u0439\u0447\u0438\u0432\u044b\u043c \u043a \u0438\u0437\u043d\u043e\u0441\u0443, \u043e\u0431\u0435\u0441\u043f\u0435\u0447\u0438\u0432\u0430\u044f \u0434\u043e\u043b\u0433\u043e\u0441\u0440\u043e\u0447\u043d\u043e\u0435 \u0438\u0441\u043f\u043e\u043b\u044c\u0437\u043e\u0432\u0430\u043d\u0438\u0435.<\/li>\n<li><strong>\u0421\u0442\u0430\u0431\u0438\u043b\u044c\u043d\u043e\u0435 \u0441\u043e\u0435\u0434\u0438\u043d\u0435\u043d\u0438\u0435 \u0438 \u043d\u0430\u0434\u0435\u0436\u043d\u043e\u0435 \u043a\u0440\u0435\u043f\u043b\u0435\u043d\u0438\u0435<\/strong>: \u0420\u0430\u0437\u044a\u0435\u043c USB-C \u043f\u043e\u0434 \u0443\u0433\u043b\u043e\u043c 90\u00b0 \u043e\u0431\u0435\u0441\u043f\u0435\u0447\u0438\u0432\u0430\u0435\u0442 \u0441\u0442\u0430\u0431\u0438\u043b\u044c\u043d\u043e\u0435 \u0441\u043e\u0435\u0434\u0438\u043d\u0435\u043d\u0438\u0435, \u0430 \u0433\u0438\u0431\u043a\u043e\u0435 \u0441\u043e\u0435\u0434\u0438\u043d\u0435\u043d\u0438\u0435 \u0434\u043e\u043b\u0433\u043e\u0432\u0435\u0447\u043d\u043e \u0434\u0430\u0436\u0435 \u043f\u043e\u0441\u043b\u0435 45\u00a0000+ \u0438\u0441\u043f\u044b\u0442\u0430\u043d\u0438\u0439 \u043d\u0430 \u0438\u0437\u0433\u0438\u0431. \u041a\u0430\u0431\u0435\u043b\u044c \u0434\u043e\u043f\u043e\u043b\u043d\u0435\u043d \u043a\u043b\u0435\u0439\u043a\u043e\u0439 \u043f\u0440\u044f\u0436\u043a\u043e\u0439 \u0434\u043b\u044f \u0444\u0438\u043a\u0441\u0430\u0446\u0438\u0438 \u0441\u043e\u0435\u0434\u0438\u043d\u0435\u043d\u0438\u044f \u0438 \u043f\u0440\u0435\u0434\u043e\u0442\u0432\u0440\u0430\u0449\u0435\u043d\u0438\u044f \u0441\u043b\u0443\u0447\u0430\u0439\u043d\u043e\u0433\u043e \u043e\u0442\u0441\u043e\u0435\u0434\u0438\u043d\u0435\u043d\u0438\u044f.<\/li>\n<\/ul>\n<p><strong>\u0412 \u043a\u043e\u043c\u043f\u043b\u0435\u043a\u0442 \u0432\u0445\u043e\u0434\u0438\u0442<\/strong>:<\/p>\n<ul>\n<li>1 \u0445 <strong>\u0421\u043e\u0435\u0434\u0438\u043d\u0438\u0442\u0435\u043b\u044c\u043d\u044b\u0439 \u043a\u0430\u0431\u0435\u043b\u044c USB 3.0 INIU \u0434\u043b\u0438\u043d\u043e\u0439 5 \u043c<\/strong><\/li>\n<li>1 \u0445 <strong>\u041a\u0440\u0430\u0442\u043a\u043e\u0435 \u0440\u0443\u043a\u043e\u0432\u043e\u0434\u0441\u0442\u0432\u043e<\/strong><\/li>\n<li>1 \u0445 <strong>\u0420\u0443\u043a\u043e\u0432\u043e\u0434\u0441\u0442\u0432\u043e \u043f\u043e\u043b\u044c\u0437\u043e\u0432\u0430\u0442\u0435\u043b\u044f (\u043d\u0430 \u0430\u043d\u0433\u043b\u0438\u0439\u0441\u043a\u043e\u043c \u044f\u0437\u044b\u043a\u0435)<\/strong><\/li>\n<\/ul>","protected":false},"excerpt":{"rendered":"<p><strong>INIU Link Cable with Charging Port [5 m] \u2013 Augstas kvalit\u0101tes USB-C datu kabelis ar atsevi\u0161\u0137u uzl\u0101des portu VR brill\u0113m<\/strong><\/p>\n<p>Izbaudiet nep\u0101rsp\u0113jamu VR pieredzi ar <strong>INIU Link Cable<\/strong> \u2013 5 metru garu USB-C datu kabeli, kas nodro\u0161ina \u0101tru un stabilu savienojumu, vienlaikus uzl\u0101d\u0113jot j\u016bsu VR brilles. \u0160is kabelis ir ide\u0101li piem\u0113rots Oculus Meta Quest 3\/3S, Quest 2, Quest 1, Quest Pro, Pico 4 un Steam VR sist\u0113m\u0101m, pied\u0101v\u0101jot augstu \u0101trdarb\u012bbu un nevainojamu veiktsp\u0113ju.<\/p>\n<hr \/>\n<p class=\"moze-right\"><span class=\"moze-secondary\">Pl\u0101not\u0101 pieg\u0101de: <strong>1-2<\/strong><\/span><b><span class=\"moze-secondary\"><strong> dar<\/strong>ba dienu laik\u0101<\/span><\/b><\/p>\n<p><span style=\"color: #339966;\"><strong>Bezmaksas pieg\u0101de<\/strong><\/span><\/p>\n","protected":false},"featured_media":16345,"template":"","meta":[],"product_brand":[],"product_cat":[119,120],"product_tag":[],"class_list":{"0":"post-16344","1":"product","2":"type-product","3":"status-publish","4":"has-post-thumbnail","6":"product_cat-kabeli","7":"product_cat-vr-aksesuari","9":"first","10":"instock","11":"taxable","12":"shipping-taxable","13":"purchasable","14":"product-type-simple"},"_links":{"self":[{"href":"https:\/\/dealit.lv\/ru\/wp-json\/wp\/v2\/product\/16344","targetHints":{"allow":["GET"]}}],"collection":[{"href":"https:\/\/dealit.lv\/ru\/wp-json\/wp\/v2\/product"}],"about":[{"href":"https:\/\/dealit.lv\/ru\/wp-json\/wp\/v2\/types\/product"}],"wp:featuredmedia":[{"embeddable":true,"href":"https:\/\/dealit.lv\/ru\/wp-json\/wp\/v2\/media\/16345"}],"wp:attachment":[{"href":"https:\/\/dealit.lv\/ru\/wp-json\/wp\/v2\/media?parent=16344"}],"wp:term":[{"taxonomy":"product_brand","embeddable":true,"href":"https:\/\/dealit.lv\/ru\/wp-json\/wp\/v2\/product_brand?post=16344"},{"taxonomy":"product_cat","embeddable":true,"href":"https:\/\/dealit.lv\/ru\/wp-json\/wp\/v2\/product_cat?post=16344"},{"taxonomy":"product_tag","embeddable":true,"href":"https:\/\/dealit.lv\/ru\/wp-json\/wp\/v2\/product_tag?post=16344"}],"curies":[{"name":"WP","href":"https:\/\/api.w.org\/{rel}","templated":true}]}}