{"id":16307,"date":"2025-01-05T14:49:09","date_gmt":"2025-01-05T12:49:09","guid":{"rendered":"https:\/\/dealit.lv\/?post_type=product&#038;p=16307"},"modified":"2026-03-14T06:09:02","modified_gmt":"2026-03-14T04:09:02","slug":"tiergrade-meta-quest-link-3m-cable-compatible-with-meta-quest-3-3s-2-pro-pico4-pro-5-gbps-usb-3-2-gen1-to-usb-c","status":"publish","type":"product","link":"https:\/\/dealit.lv\/ru\/product\/tiergrade-meta-quest-link-3m-cable-compatible-with-meta-quest-3-3s-2-pro-pico4-pro-5-gbps-usb-3-2-gen1-to-usb-c\/","title":{"rendered":"\u041a\u0430\u0431\u0435\u043b\u044c Tiergrade Meta Quest Link \u0434\u043b\u0438\u043d\u043e\u0439 3 \u043c, \u0441\u043e\u0432\u043c\u0435\u0441\u0442\u0438\u043c\u044b\u0439 \u0441 Meta Quest 3\/3S\/2\/Pro PICO4\/Pro (5 \u0413\u0431\u0438\u0442\/\u0441, USB 3.2 Gen 1 \u2014 USB C)"},"content":{"rendered":"<div class=\"flex max-w-full flex-col flex-grow\">\n<div class=\"min-h-[20px] text-message flex w-full flex-col items-end gap-2 break-words [.text-message+&amp;]:mt-5 overflow-x-auto whitespace-normal\" dir=\"auto\" data-message-author-role=\"assistant\" data-message-id=\"8c70dafa-c99a-4231-81b8-80db4a4cd7df\">\n<div class=\"flex w-full flex-col gap-1 empty:hidden first:pt-[3px]\">\n<div class=\"markdown prose w-full break-words dark:prose-invert dark\">\n<p>Tiergrade Link Cable 3 m nodro\u0161ina stabilu un \u0101tru savienojumu, kas ir ide\u0101li piem\u0113rots tiem, kas v\u0113las izbaud\u012bt VR pieredzi bez kav\u0113\u0161an\u0101s. Kabe\u013ca garums un kvalit\u0101te nodro\u0161ina pla\u0161u p\u0101rvieto\u0161an\u0101s br\u012bv\u012bbu, vienlaikus saglab\u0101jot augstas veiktsp\u0113jas savienojumu.<\/p>\n<\/div>\n<\/div>\n<\/div>\n<\/div>\n<div class=\"mt-1 flex gap-3 empty:hidden -ml-2\">\n<div class=\"items-center justify-start rounded-xl p-1 flex\">\n<div class=\"flex items-center\"><\/div>\n<\/div>\n<\/div>\n","protected":false},"excerpt":{"rendered":"<div class=\"woocommerce-product-details__short-description\">\n<p class=\"moze-right\"><span class=\"moze-secondary\">\u041f\u043b\u0430\u043d\u043e\u0432\u0430\u044f \u0434\u043e\u0441\u0442\u0430\u0432\u043a\u0430: <strong>1-2<\/strong><\/span><b><span class=\"moze-secondary\"><strong> \u0434\u0435\u043b\u0430\u0442\u044c<\/strong>\u0432 \u0442\u0435\u0447\u0435\u043d\u0438\u0435 \u043d\u0435\u0441\u043a\u043e\u043b\u044c\u043a\u0438\u0445 \u0434\u043d\u0435\u0439<\/span><\/b><\/p>\n<p><span style=\"color: #339966;\"><strong>\u0411\u0435\u0441\u043f\u043b\u0430\u0442\u043d\u0430\u044f \u0434\u043e\u0441\u0442\u0430\u0432\u043a\u0430<\/strong><\/span><\/p>\n<hr \/>\n<p><strong>\u041d\u0430\u0437\u0432\u0430\u043d\u0438\u0435 \u043f\u0440\u043e\u0434\u0443\u043a\u0442\u0430:<\/strong> \u041a\u0430\u0431\u0435\u043b\u044c Tiergrade Link, 3 \u043c<br \/>\n<strong>\u0422\u0438\u043f \u043f\u043e\u0434\u043a\u043b\u044e\u0447\u0435\u043d\u0438\u044f:<\/strong> USB 3.2 1-\u0433\u043e \u043f\u043e\u043a\u043e\u043b\u0435\u043d\u0438\u044f<br \/>\n<strong>\u0414\u043b\u0438\u043d\u0430:<\/strong> 3 \u043c\u0435\u0442\u0440\u0430<br \/>\n<strong>\u0421\u043a\u043e\u0440\u043e\u0441\u0442\u044c:<\/strong> \u0414\u043e 5 \u0413\u0431\u0438\u0442\/\u0441<br \/>\n<strong>\u041c\u0430\u0442\u0435\u0440\u0438\u0430\u043b:<\/strong> \u0412\u044b\u0441\u043e\u043a\u043e\u043a\u0430\u0447\u0435\u0441\u0442\u0432\u0435\u043d\u043d\u044b\u0439 \u0433\u0438\u0431\u043a\u0438\u0439 \u041f\u0412\u0425.<br \/>\n<strong>\u0420\u0430\u0437\u044a\u0435\u043c\u044b:<\/strong> USB-C \u0438\u043b\u0438 USB-A \u043d\u0430 USB-C<br \/>\n<strong>\u0426\u0432\u0435\u0442:<\/strong> \u0411\u0435\u043b\u044b\u0439<br \/>\n<strong>\u0413\u0438\u0431\u043a\u043e\u0441\u0442\u044c:<\/strong> \u0412\u044b\u0441\u043e\u043a\u0438\u0439 \u0443\u0440\u043e\u0432\u0435\u043d\u044c \u0433\u0438\u0431\u043a\u043e\u0441\u0442\u0438 \u0434\u043b\u044f \u043e\u0431\u0435\u0441\u043f\u0435\u0447\u0435\u043d\u0438\u044f \u043a\u043e\u043c\u0444\u043e\u0440\u0442\u043d\u043e\u0433\u043e \u0438\u0441\u043f\u043e\u043b\u044c\u0437\u043e\u0432\u0430\u043d\u0438\u044f \u0438 \u043c\u0438\u043d\u0438\u043c\u0430\u043b\u044c\u043d\u043e\u0433\u043e \u0441\u043e\u043f\u0440\u043e\u0442\u0438\u0432\u043b\u0435\u043d\u0438\u044f \u0434\u0432\u0438\u0436\u0435\u043d\u0438\u044e.<br \/>\n<strong>\u0418\u0441\u0442\u043e\u0447\u043d\u0438\u043a \u043f\u0438\u0442\u0430\u043d\u0438\u044f:<\/strong> \u041f\u043e\u0434\u0434\u0435\u0440\u0436\u0438\u0432\u0430\u0435\u0442 \u043e\u0434\u043d\u043e\u0432\u0440\u0435\u043c\u0435\u043d\u043d\u0443\u044e \u043f\u0435\u0440\u0435\u0434\u0430\u0447\u0443 \u0434\u0430\u043d\u043d\u044b\u0445 \u0438 \u0437\u0430\u0440\u044f\u0434\u043a\u0443 \u0443\u0441\u0442\u0440\u043e\u0439\u0441\u0442\u0432\u0430.<br \/>\n<strong>\u0411\u0435\u0437\u043e\u043f\u0430\u0441\u043d\u043e\u0441\u0442\u044c:<\/strong> \u0412\u0441\u0442\u0440\u043e\u0435\u043d\u043d\u0430\u044f \u0437\u0430\u0449\u0438\u0442\u0430 \u043e\u0442 \u043f\u0435\u0440\u0435\u043d\u0430\u043f\u0440\u044f\u0436\u0435\u043d\u0438\u044f \u0438 \u043a\u043e\u0440\u043e\u0442\u043a\u043e\u0433\u043e \u0437\u0430\u043c\u044b\u043a\u0430\u043d\u0438\u044f.<\/p>\n<\/div>","protected":false},"featured_media":16308,"template":"","meta":[],"product_brand":[],"product_cat":[119,120],"product_tag":[],"class_list":{"0":"post-16307","1":"product","2":"type-product","3":"status-publish","4":"has-post-thumbnail","6":"product_cat-kabeli","7":"product_cat-vr-aksesuari","9":"first","10":"outofstock","11":"taxable","12":"shipping-taxable","13":"purchasable","14":"product-type-simple"},"_links":{"self":[{"href":"https:\/\/dealit.lv\/ru\/wp-json\/wp\/v2\/product\/16307","targetHints":{"allow":["GET"]}}],"collection":[{"href":"https:\/\/dealit.lv\/ru\/wp-json\/wp\/v2\/product"}],"about":[{"href":"https:\/\/dealit.lv\/ru\/wp-json\/wp\/v2\/types\/product"}],"wp:featuredmedia":[{"embeddable":true,"href":"https:\/\/dealit.lv\/ru\/wp-json\/wp\/v2\/media\/16308"}],"wp:attachment":[{"href":"https:\/\/dealit.lv\/ru\/wp-json\/wp\/v2\/media?parent=16307"}],"wp:term":[{"taxonomy":"product_brand","embeddable":true,"href":"https:\/\/dealit.lv\/ru\/wp-json\/wp\/v2\/product_brand?post=16307"},{"taxonomy":"product_cat","embeddable":true,"href":"https:\/\/dealit.lv\/ru\/wp-json\/wp\/v2\/product_cat?post=16307"},{"taxonomy":"product_tag","embeddable":true,"href":"https:\/\/dealit.lv\/ru\/wp-json\/wp\/v2\/product_tag?post=16307"}],"curies":[{"name":"WP","href":"https:\/\/api.w.org\/{rel}","templated":true}]}}