{"id":16662,"date":"2025-09-15T21:14:15","date_gmt":"2025-09-15T18:14:15","guid":{"rendered":"https:\/\/dealit.lv\/?page_id=16662"},"modified":"2025-09-15T21:39:07","modified_gmt":"2025-09-15T18:39:07","slug":"liaa","status":"publish","type":"page","link":"https:\/\/dealit.lv\/ru\/liaa\/","title":{"rendered":"\u041b\u0418\u0410\u0410"},"content":{"rendered":"<div data-elementor-type=\"wp-page\" data-elementor-id=\"16662\" class=\"elementor elementor-16662\" data-elementor-post-type=\"page\">\n\t\t\t\t\t\t<section class=\"wd-negative-gap elementor-section elementor-top-section elementor-element elementor-element-229eea2c wd-section-stretch elementor-section-boxed elementor-section-height-default elementor-section-height-default\" data-id=\"229eea2c\" data-element_type=\"section\" data-e-type=\"section\" data-settings=\"{&quot;background_background&quot;:&quot;classic&quot;}\">\n\t\t\t\t\t\t<div class=\"elementor-container elementor-column-gap-default\">\n\t\t\t\t\t<div class=\"elementor-column elementor-col-50 elementor-top-column elementor-element elementor-element-944cded\" data-id=\"944cded\" data-element_type=\"column\" data-e-type=\"column\">\n\t\t\t<div class=\"elementor-widget-wrap elementor-element-populated\">\n\t\t\t\t\t\t<div class=\"elementor-element elementor-element-3984c60c wd-width-100 elementor-widget elementor-widget-wd_title\" data-id=\"3984c60c\" data-element_type=\"widget\" data-e-type=\"widget\" data-widget_type=\"wd_title.default\">\n\t\t\t\t<div class=\"elementor-widget-container\">\n\t\t\t\t\t\t\t<div class=\"title-wrapper wd-set-mb reset-last-child wd-title-color-primary wd-title-style-default wd-title-size-default text-left\">\n\n\t\t\t\n\t\t\t<div class=\"liner-continer\">\n\t\t\t\t<h4 class=\"woodmart-title-container title wd-fontsize-l\">\u041f\u0440\u043e\u0446\u0435\u0441\u0441 \u043f\u043e\u0434\u0434\u0435\u0440\u0436\u043a\u0438 <br \/>\n\u0434\u043b\u044f \u0446\u0438\u0444\u0440\u043e\u0432\u0438\u0437\u0430\u0446\u0438\u0438 <br \/>\n\u0432 \u0431\u0438\u0437\u043d\u0435\u0441\u0435 <br \/>\n<\/h4> \n\t\t\t\t\t\t\t<\/div>\n\n\t\t\t\t\t\t\t<div class=\"title-after_title reset-last-child wd-fontsize-xs\">\n\t\t\t\t\t<p><strong>\u041d\u0430\u0437\u0432\u0430\u043d\u0438\u0435 \u043a\u043e\u043c\u043f\u0430\u043d\u0438\u0438:<\/strong> \u041e\u041e\u041e <span>&quot;\u0421&quot;<\/span><span>&quot;\u043f\u0440\u0435\u043a\u0440\u0430\u0441\u043d\u044b\u0439 \u0434\u0443\u044d\u0442&quot;<\/span><br><strong>\u0420\u0435\u0433. \u043d\u043e\u043c\u0435\u0440:<\/strong> 40203506464<\/p><p><strong>\u0424\u043e\u043d\u0434 \u0432\u043e\u0441\u0441\u0442\u0430\u043d\u043e\u0432\u043b\u0435\u043d\u0438\u044f \u0438\u043d\u0432\u0435\u0441\u0442\u0438\u0440\u0443\u0435\u0442 \u0432 \u0443\u043b\u0443\u0447\u0448\u0435\u043d\u0438\u0435 \u0431\u0438\u0437\u043d\u0435\u0441-\u043f\u0440\u043e\u0446\u0435\u0441\u0441\u043e\u0432.<\/strong><\/p><p><strong>\u041f\u043e\u0434\u0434\u0435\u0440\u0436\u0438\u0432\u0430\u0435\u043c\u0430\u044f \u0434\u0435\u044f\u0442\u0435\u043b\u044c\u043d\u043e\u0441\u0442\u044c:<\/strong> \u0443\u043b\u0443\u0447\u0448\u0435\u043d\u0438\u0435 \u043f\u0440\u043e\u0446\u0435\u0441\u0441\u043e\u0432 \u043f\u0440\u043e\u0434\u0430\u0436<\/p><p><strong>\u0420\u0435\u0448\u0435\u043d\u0438\u0435:<\/strong> \u0440\u0435\u0448\u0435\u043d\u0438\u0435 \u0434\u043b\u044f \u044d\u043b\u0435\u043a\u0442\u0440\u043e\u043d\u043d\u043e\u0439 \u043a\u043e\u043c\u043c\u0435\u0440\u0446\u0438\u0438<\/p>\t\t\t\t<\/div>\n\t\t\t\t\t<\/div>\n\t\t\t\t\t\t<\/div>\n\t\t\t\t<\/div>\n\t\t\t\t\t<\/div>\n\t\t<\/div>\n\t\t\t\t<div class=\"elementor-column elementor-col-50 elementor-top-column elementor-element elementor-element-6393228a\" data-id=\"6393228a\" data-element_type=\"column\" data-e-type=\"column\" data-settings=\"{&quot;background_background&quot;:&quot;classic&quot;}\">\n\t\t\t<div class=\"elementor-widget-wrap\">\n\t\t\t\t\t\t\t<\/div>\n\t\t<\/div>\n\t\t\t\t\t<\/div>\n\t\t<\/section>\n\t\t\t\t<\/div>","protected":false},"excerpt":{"rendered":"<p>Atbalsts procesu digitaliz\u0101cijai komercdarb\u012bb\u0101 Uz\u0146\u0113muma nosaukums: SIA \u201cSplendid Duo\u201dRe\u0123.nr.: 40203506464 Atvese\u013co\u0161anas fonda ietvaros veic ieguld\u012bjumu komercdarb\u012bbas procesu uzlabo\u0161an\u0101. Atbalst\u0101m\u0101 darb\u012bba:<\/p>","protected":false},"author":1,"featured_media":0,"parent":0,"menu_order":0,"comment_status":"closed","ping_status":"closed","template":"","meta":{"footnotes":""},"class_list":["post-16662","page","type-page","status-publish","hentry"],"_links":{"self":[{"href":"https:\/\/dealit.lv\/ru\/wp-json\/wp\/v2\/pages\/16662","targetHints":{"allow":["GET"]}}],"collection":[{"href":"https:\/\/dealit.lv\/ru\/wp-json\/wp\/v2\/pages"}],"about":[{"href":"https:\/\/dealit.lv\/ru\/wp-json\/wp\/v2\/types\/page"}],"author":[{"embeddable":true,"href":"https:\/\/dealit.lv\/ru\/wp-json\/wp\/v2\/users\/1"}],"replies":[{"embeddable":true,"href":"https:\/\/dealit.lv\/ru\/wp-json\/wp\/v2\/comments?post=16662"}],"version-history":[{"count":21,"href":"https:\/\/dealit.lv\/ru\/wp-json\/wp\/v2\/pages\/16662\/revisions"}],"predecessor-version":[{"id":16695,"href":"https:\/\/dealit.lv\/ru\/wp-json\/wp\/v2\/pages\/16662\/revisions\/16695"}],"wp:attachment":[{"href":"https:\/\/dealit.lv\/ru\/wp-json\/wp\/v2\/media?parent=16662"}],"curies":[{"name":"WP","href":"https:\/\/api.w.org\/{rel}","templated":true}]}}