{"id":21989,"date":"2026-04-28T17:17:56","date_gmt":"2026-04-28T14:17:56","guid":{"rendered":"https:\/\/dealit.lv\/?post_type=product&#038;p=21989"},"modified":"2026-05-01T18:52:08","modified_gmt":"2026-05-01T15:52:08","slug":"apple-iphone-17-pro-1-tb-deep-blue-mg8r4hx-a","status":"publish","type":"product","link":"https:\/\/dealit.lv\/en\/product\/apple-iphone-17-pro-1-tb-deep-blue-mg8r4hx-a\/","title":{"rendered":"Apple iPhone 17 Pro 1 TB Deep Blue MG8R4HX\/A"},"content":{"rendered":"<h2 style=\"color: #333333;\">Apple iPhone 17 Pro 1 TB \u2014 Deep Blue MG8R4HX\/A<\/h2>\n<p style=\"color: #333333;\">Iepaz\u012bstieties ar Apple iPhone 17 Pro 1 TB \u2014 6.3 collu ProMotion displeju, A19 Pro mikrosh\u0113mu un uzlabotu Pro Fusion kameru sist\u0113mu. \u0160is iPhone apvieno jaudu, plakanu dizainu un ilgsto\u0161u akumulatora darb\u012bbu, saglab\u0101jot Apple kvalit\u0101ti un daudzveid\u012bgu savienojam\u012bbu.<\/p>\n<h3 style=\"color: #333333;\">Main features<\/h3>\n<ul style=\"color: #333333;\">\n<li>6.3 collu ProMotion displejs ar l\u012bdz 120 Hz atsvaidzes intensit\u0101ti \u2014 pl\u016bdena saskarne un spilgts att\u0113ls.<\/li>\n<li>A19 Pro mikrosh\u0113ma \u2014 \u0101tra veiktsp\u0113ja un energoefektivit\u0101te ikdienas lieto\u0161an\u0101 un sp\u0113l\u0113s.<\/li>\n<li>Pro Fusion kameru sist\u0113ma ar Centre Stage priek\u0161\u0113jo kameru \u2014 profesion\u0101la foto un video kvalit\u0101te.<\/li>\n<li>1 TB iek\u0161\u0113j\u0101 atmi\u0146a \u2014 pietiek vietas foto, video un lietotn\u0113m.<\/li>\n<li>5G un pla\u0161a savienojam\u012bba: Bluetooth, NFC, USB, Wi\u2011Fi.<\/li>\n<\/ul>\n<h3 style=\"color: #333333;\">Technical data<\/h3>\n<table style=\"width: 100%; border-collapse: collapse; color: #333333; background: #FFFFFF;\">\n<thead>\n<tr style=\"background: #f5f5f5;\">\n<th style=\"padding: 8px; border: 1px solid #e0e0e0; text-align: left;\">Function<\/th>\n<th style=\"padding: 8px; border: 1px solid #e0e0e0; text-align: left;\">Value<\/th>\n<\/tr>\n<\/thead>\n<tbody>\n<tr>\n<td style=\"padding: 8px; border: 1px solid #e0e0e0; text-align: left;\">Model<\/td>\n<td style=\"padding: 8px; border: 1px solid #e0e0e0; text-align: left;\">iPhone 17 Pro 1 TB<\/td>\n<\/tr>\n<tr>\n<td style=\"padding: 8px; border: 1px solid #e0e0e0; text-align: left;\">Color<\/td>\n<td style=\"padding: 8px; border: 1px solid #e0e0e0; text-align: left;\">Tum\u0161i zila<\/td>\n<\/tr>\n<tr>\n<td style=\"padding: 8px; border: 1px solid #e0e0e0; text-align: left;\">Display<\/td>\n<td style=\"padding: 8px; border: 1px solid #e0e0e0; text-align: left;\">6.3 collu, ProMotion (l\u012bdz 120 Hz)<\/td>\n<\/tr>\n<tr>\n<td style=\"padding: 8px; border: 1px solid #e0e0e0; text-align: left;\">Resolution<\/td>\n<td style=\"padding: 8px; border: 1px solid #e0e0e0; text-align: left;\">2622 \u00d7 1206<\/td>\n<\/tr>\n<tr>\n<td style=\"padding: 8px; border: 1px solid #e0e0e0; text-align: left;\">Processor<\/td>\n<td style=\"padding: 8px; border: 1px solid #e0e0e0; text-align: left;\">A19 Pro mikrosh\u0113ma<\/td>\n<\/tr>\n<tr>\n<td style=\"padding: 8px; border: 1px solid #e0e0e0; text-align: left;\">Memory<\/td>\n<td style=\"padding: 8px; border: 1px solid #e0e0e0; text-align: left;\">1 TB<\/td>\n<\/tr>\n<tr>\n<td style=\"padding: 8px; border: 1px solid #e0e0e0; text-align: left;\">Cameras<\/td>\n<td style=\"padding: 8px; border: 1px solid #e0e0e0; text-align: left;\">Pro Fusion sist\u0113ma ar uzlabotu nakts un profesion\u0101lo re\u017e\u012bmu<\/td>\n<\/tr>\n<tr>\n<td style=\"padding: 8px; border: 1px solid #e0e0e0; text-align: left;\">Front camera<\/td>\n<td style=\"padding: 8px; border: 1px solid #e0e0e0; text-align: left;\">Centre Stage \u2014 autom\u0101tiska kadr\u0113\u0161ana videozvaniem<\/td>\n<\/tr>\n<tr>\n<td style=\"padding: 8px; border: 1px solid #e0e0e0; text-align: left;\">Battery<\/td>\n<td style=\"padding: 8px; border: 1px solid #e0e0e0; text-align: left;\">Uzlabota akumulatora darb\u012bba (ilga lieto\u0161ana dienas garum\u0101)<\/td>\n<\/tr>\n<tr>\n<td style=\"padding: 8px; border: 1px solid #e0e0e0; text-align: left;\">Connectivity<\/td>\n<td style=\"padding: 8px; border: 1px solid #e0e0e0; text-align: left;\">5G, Bluetooth, NFC, USB, Wi\u2011Fi<\/td>\n<\/tr>\n<tr>\n<td style=\"padding: 8px; border: 1px solid #e0e0e0; text-align: left;\">Operating system<\/td>\n<td style=\"padding: 8px; border: 1px solid #e0e0e0; text-align: left;\">iOS<\/td>\n<\/tr>\n<tr>\n<td style=\"padding: 8px; border: 1px solid #e0e0e0; text-align: left;\">Network<\/td>\n<td style=\"padding: 8px; border: 1px solid #e0e0e0; text-align: left;\">Atblo\u0137\u0113ts visiem operatoriem<\/td>\n<\/tr>\n<\/tbody>\n<\/table>\n<h3 style=\"color: #333333;\">What&#039;s included in the package<\/h3>\n<ul style=\"color: #333333;\">\n<li>Apple iPhone 17 Pro 1 TB<\/li>\n<li>USB\u2011C datu kabelis<\/li>\n<li>Documentation and warranty information<\/li>\n<li>SIM izstum\u0161anas adata<\/li>\n<\/ul>\n<h3 style=\"color: #333333;\">Additional notes<\/h3>\n<p style=\"color: #333333;\">iPhone 17 Pro ir paredz\u0113ts lietot\u0101jiem, kas mekl\u0113 lielu \u2014 6.3 collu \u2014 ekr\u0101nu ar profesion\u0101las klases kameru funkcij\u0101m un milz\u012bgu 1 TB atmi\u0146u. Ier\u012bce sniedz stabilu savienojam\u012bbu ar 5G t\u012bkliem un modern\u0101m bezvadu tehnolo\u0123ij\u0101m, k\u0101 ar\u012b nodro\u0161ina \u0113rtu ikdienas lieto\u0161anu pateicoties iOS un A19 Pro veiktsp\u0113jai.<\/p>","protected":false},"excerpt":{"rendered":"<p>Apple iPhone 17 Pro 1 TB \u2014 6.3 collu ProMotion displejs, A19 Pro mikrosh\u0113ma un Pro Fusion kameru sist\u0113ma. 1 TB atmi\u0146a.<\/p>\n<hr \/>\n<p><strong><span style=\"color: #339966;\">Free shipping<\/span><\/strong><\/p>","protected":false},"featured_media":21988,"template":"","meta":[],"product_brand":[137],"product_cat":[26,25],"product_tag":[],"class_list":{"0":"post-21989","1":"product","2":"type-product","3":"status-publish","4":"has-post-thumbnail","6":"product_brand-apple","7":"product_cat-apple","8":"product_cat-viedtalruni","10":"first","11":"instock","12":"sale","13":"taxable","14":"shipping-taxable","15":"purchasable","16":"product-type-simple"},"_links":{"self":[{"href":"https:\/\/dealit.lv\/en\/wp-json\/wp\/v2\/product\/21989","targetHints":{"allow":["GET"]}}],"collection":[{"href":"https:\/\/dealit.lv\/en\/wp-json\/wp\/v2\/product"}],"about":[{"href":"https:\/\/dealit.lv\/en\/wp-json\/wp\/v2\/types\/product"}],"wp:featuredmedia":[{"embeddable":true,"href":"https:\/\/dealit.lv\/en\/wp-json\/wp\/v2\/media\/21988"}],"wp:attachment":[{"href":"https:\/\/dealit.lv\/en\/wp-json\/wp\/v2\/media?parent=21989"}],"wp:term":[{"taxonomy":"product_brand","embeddable":true,"href":"https:\/\/dealit.lv\/en\/wp-json\/wp\/v2\/product_brand?post=21989"},{"taxonomy":"product_cat","embeddable":true,"href":"https:\/\/dealit.lv\/en\/wp-json\/wp\/v2\/product_cat?post=21989"},{"taxonomy":"product_tag","embeddable":true,"href":"https:\/\/dealit.lv\/en\/wp-json\/wp\/v2\/product_tag?post=21989"}],"curies":[{"name":"wp","href":"https:\/\/api.w.org\/{rel}","templated":true}]}}