{"id":16344,"date":"2025-01-19T14:10:28","date_gmt":"2025-01-19T12:10:28","guid":{"rendered":"https:\/\/dealit.lv\/?post_type=product&#038;p=16344"},"modified":"2026-03-05T16:56:43","modified_gmt":"2026-03-05T14:56:43","slug":"iniu-meta-quest-link-cable-with-charging-port-compatible-meta-quest-3-3s-2-pro-pico4-pro-2-5-gbps-usb-c-fast-charging","status":"publish","type":"product","link":"https:\/\/dealit.lv\/en\/product\/iniu-meta-quest-link-cable-with-charging-port-compatible-meta-quest-3-3s-2-pro-pico4-pro-2-5-gbps-usb-c-fast-charging\/","title":{"rendered":"INIU Meta Quest Link Cable with charging port compatible Meta Quest 3\/3S\/2\/Pro PICO4\/Pro (2.5 Gbps, USB C, Fast charging)"},"content":{"rendered":"<p><strong>Main features:<\/strong><\/p>\n<ul>\n<li><strong>18W fast charging during gaming<\/strong>: The cable is equipped with a separate charging port that provides up to 18W charging while you game. Since it uses a PD\/QC adapter, you no longer have to worry about running out of battery while gaming - enjoy unlimited gaming time without pauses.<\/li>\n<li><strong>SmartProtect 2.0 safe charging<\/strong>: Built-in SmartProtect 2.0 chip provides safe current regulation, balancing power and data transfer to maintain a safe battery level (around 78%), preventing excessive charging temperature and overcharging.<\/li>\n<li><strong>USB 3.0 low-latency gaming experience<\/strong>: The cable delivers low latency using USB 3.0 technology, which delivers fast data transfers and improved display quality. This ensures an even smoother and sharper gaming experience without interruptions.<\/li>\n<li><strong>5 m length for greater freedom of movement<\/strong>: The cable is long enough (5m) to provide ample freedom of movement, allowing you to move freely while gaming. In addition, its durable <strong>Flyweave<\/strong> The coating makes the cable highly resistant to wear, ensuring long-term use.<\/li>\n<li><strong>Stable connection and secure attachment<\/strong>: The 90\u00b0 USB-C plug provides a stable connection, and the flexible connection is durable even after 45,000+ bend tests. The cable is complemented by an adhesive buckle to secure the connection and prevent accidental disconnection.<\/li>\n<\/ul>\n<p><strong>The package includes:<\/strong>:<\/p>\n<ul>\n<li>1 x <strong>INIU 5 m USB 3.0 connection cable<\/strong><\/li>\n<li>1 x <strong>Quick Start Guide<\/strong><\/li>\n<li>1 x <strong>User manual (English)<\/strong><\/li>\n<\/ul>","protected":false},"excerpt":{"rendered":"<p><strong>INIU Link Cable with Charging Port [5 m] \u2013 Augstas kvalit\u0101tes USB-C datu kabelis ar atsevi\u0161\u0137u uzl\u0101des portu VR brill\u0113m<\/strong><\/p>\n<p>Izbaudiet nep\u0101rsp\u0113jamu VR pieredzi ar <strong>INIU Link Cable<\/strong> \u2013 5 metru garu USB-C datu kabeli, kas nodro\u0161ina \u0101tru un stabilu savienojumu, vienlaikus uzl\u0101d\u0113jot j\u016bsu VR brilles. \u0160is kabelis ir ide\u0101li piem\u0113rots Oculus Meta Quest 3\/3S, Quest 2, Quest 1, Quest Pro, Pico 4 un Steam VR sist\u0113m\u0101m, pied\u0101v\u0101jot augstu \u0101trdarb\u012bbu un nevainojamu veiktsp\u0113ju.<\/p>\n<hr \/>\n<p class=\"moze-right\"><span class=\"moze-secondary\">Pl\u0101not\u0101 pieg\u0101de: <strong>1-2<\/strong><\/span><b><span class=\"moze-secondary\"><strong> dar<\/strong>ba dienu laik\u0101<\/span><\/b><\/p>\n<p><span style=\"color: #339966;\"><strong>Bezmaksas pieg\u0101de<\/strong><\/span><\/p>\n","protected":false},"featured_media":16345,"template":"","meta":[],"product_brand":[],"product_cat":[119,120],"product_tag":[],"class_list":{"0":"post-16344","1":"product","2":"type-product","3":"status-publish","4":"has-post-thumbnail","6":"product_cat-kabeli","7":"product_cat-vr-aksesuari","9":"first","10":"instock","11":"taxable","12":"shipping-taxable","13":"purchasable","14":"product-type-simple"},"_links":{"self":[{"href":"https:\/\/dealit.lv\/en\/wp-json\/wp\/v2\/product\/16344","targetHints":{"allow":["GET"]}}],"collection":[{"href":"https:\/\/dealit.lv\/en\/wp-json\/wp\/v2\/product"}],"about":[{"href":"https:\/\/dealit.lv\/en\/wp-json\/wp\/v2\/types\/product"}],"wp:featuredmedia":[{"embeddable":true,"href":"https:\/\/dealit.lv\/en\/wp-json\/wp\/v2\/media\/16345"}],"wp:attachment":[{"href":"https:\/\/dealit.lv\/en\/wp-json\/wp\/v2\/media?parent=16344"}],"wp:term":[{"taxonomy":"product_brand","embeddable":true,"href":"https:\/\/dealit.lv\/en\/wp-json\/wp\/v2\/product_brand?post=16344"},{"taxonomy":"product_cat","embeddable":true,"href":"https:\/\/dealit.lv\/en\/wp-json\/wp\/v2\/product_cat?post=16344"},{"taxonomy":"product_tag","embeddable":true,"href":"https:\/\/dealit.lv\/en\/wp-json\/wp\/v2\/product_tag?post=16344"}],"curies":[{"name":"wp","href":"https:\/\/api.w.org\/{rel}","templated":true}]}}