{"id":16178,"date":"2024-11-23T18:01:36","date_gmt":"2024-11-23T16:01:36","guid":{"rendered":"https:\/\/dealit.lv\/?post_type=product&#038;p=16178"},"modified":"2026-02-08T22:02:36","modified_gmt":"2026-02-08T20:02:36","slug":"sony-playstation-5-slim-1tb-digital-edition-fortnite-cobalt-star-ps5","status":"publish","type":"product","link":"https:\/\/dealit.lv\/en\/product\/sony-playstation-5-slim-1tb-digital-edition-fortnite-cobalt-star-ps5\/","title":{"rendered":"Sony PlayStation 5 Slim 1TB Digital Edition + Fortnite Cobalt Star PS5"},"content":{"rendered":"<div class=\"flex-shrink-0 flex flex-col relative items-end\">\n<div class=\"pt-0\">\n<div class=\"gizmo-bot-avatar flex h-8 w-8 items-center justify-center overflow-hidden rounded-full\">\n<div class=\"relative p-1 rounded-sm flex items-center justify-center bg-token-main-surface-primary text-token-text-primary h-8 w-8\">\n<p><strong>Sony PlayStation 5 Slim Digital Edition Fortnite Cobalt Star Bundle<\/strong> is the perfect solution for gaming enthusiasts, offering an immersive experience.<\/p>\n<ul>\n<li><strong>Fortnite Cobalt Star<\/strong> set: Cobalt Snowfoot outfit, Sapphire Star backpack, Indigo Inverter axe, Weathered Snow Stripes wrap, Cobalt Crash Drums, Krackle Boost (gold style), Discotheque Wheels and Stella Trail (gold style), and 1000 V-bucks.<\/li>\n<li><strong>The package includes:<\/strong> PS5 console and wireless controller.<\/li>\n<li><strong>Slimmer design:<\/strong> Compact and stylish, fits perfectly into any interior.<\/li>\n<li><strong>Integrated I\/O:<\/strong> Fast data streaming from SSD provides an enhanced gaming experience.<\/li>\n<li><strong>Up to 120 fps:<\/strong> High-quality games with up to 120 frames per second and 4K support.<\/li>\n<li><strong>HDR technology:<\/strong> Unimaginable color richness and contrast, which makes games more realistic.<\/li>\n<li><strong>Haptic Feedback:<\/strong> The haptic feedback of the DualSense\u00ae wireless controller makes every moment of the game come alive.<\/li>\n<li><strong>Backward compatibility:<\/strong> Play PS4 games with improved performance and frame rates.<\/li>\n<\/ul>\n<\/div>\n<\/div>\n<\/div>\n<\/div>","protected":false},"excerpt":{"rendered":"<div class=\"flex-shrink-0 flex flex-col relative items-end\">\n<div>\n<div class=\"pt-0\">\n<div class=\"gizmo-bot-avatar flex h-8 w-8 items-center justify-center overflow-hidden rounded-full\">\n<div class=\"relative p-1 rounded-sm flex items-center justify-center bg-token-main-surface-primary text-token-text-primary h-8 w-8\">\n<p class=\"moze-right\"><span class=\"moze-secondary\">Pl\u0101not\u0101 pieg\u0101de:<strong> 1-2<\/strong><\/span><b><span class=\"moze-secondary\"><strong>\u00a0d<\/strong>arba dienu laik\u0101<\/span><\/b><\/p>\n<p><span style=\"color: #339966;\"><strong>Bezmaksas pieg\u0101de<\/strong><\/span><\/p>\n<hr \/>\n<\/div>\n<\/div>\n<\/div>\n<\/div>\n<\/div>\n<div class=\"group\/conversation-turn relative flex w-full min-w-0 flex-col agent-turn\">\n<div class=\"flex-col gap-1 md:gap-3\">\n<div class=\"flex max-w-full flex-col flex-grow\">\n<div class=\"min-h-8 text-message flex w-full flex-col items-end gap-2 whitespace-normal break-words [.text-message+&amp;]:mt-5\" dir=\"auto\" data-message-author-role=\"assistant\" data-message-id=\"950a04a8-e38c-4436-b0bf-3b099cb5fa8b\" data-message-model-slug=\"gpt-4o-mini\">\n<div class=\"flex w-full flex-col gap-1 empty:hidden first:pt-[3px]\">\n<div class=\"markdown prose w-full break-words dark:prose-invert dark\">\n<p><strong>Sony PlayStation 5 Slim Digital Edition Fortnite Cobalt Star Bundle<\/strong> apvieno izcilu sp\u0113\u013cu veiktsp\u0113ju un elegantu dizainu, pied\u0101v\u0101jot sp\u0113\u013cu entuziastiem unik\u0101lu pieredzi. \u0160is bundle ietver <strong>Fortnite Cobalt Star<\/strong> komplektu, kas papildina sp\u0113li ar \u012bpa\u0161iem priek\u0161metiem, piem\u0113ram, <strong>Cobalt Snowfoot<\/strong> t\u0113rpu, <strong>Sapphire Star<\/strong> mugursomu, un <strong>1000 V-bucks<\/strong>. PS5 pied\u0101v\u0101 l\u012bdz 120 kadriem sekund\u0113, HDR tehnolo\u0123iju un <strong>haptisko atgriezenisko saiti<\/strong>, padarot sp\u0113\u013cu pieredzi v\u0113l dz\u012bvotsp\u0113j\u012bg\u0101ku. Ar atgriezenisko sader\u012bbu ar PS4 sp\u0113l\u0113m, tas ir ide\u0101ls risin\u0101jums jaunajiem un pieredz\u0113ju\u0161ajiem sp\u0113l\u0113t\u0101jiem.<\/p>\n<\/div>\n<\/div>\n<\/div>\n<\/div>\n<\/div>\n<\/div>\n","protected":false},"featured_media":16179,"template":"","meta":[],"product_brand":[],"product_cat":[21],"product_tag":[],"class_list":{"0":"post-16178","1":"product","2":"type-product","3":"status-publish","4":"has-post-thumbnail","6":"product_cat-spelu-konsoles","8":"first","9":"outofstock","10":"sale","11":"taxable","12":"shipping-taxable","13":"purchasable","14":"product-type-simple"},"_links":{"self":[{"href":"https:\/\/dealit.lv\/en\/wp-json\/wp\/v2\/product\/16178","targetHints":{"allow":["GET"]}}],"collection":[{"href":"https:\/\/dealit.lv\/en\/wp-json\/wp\/v2\/product"}],"about":[{"href":"https:\/\/dealit.lv\/en\/wp-json\/wp\/v2\/types\/product"}],"wp:featuredmedia":[{"embeddable":true,"href":"https:\/\/dealit.lv\/en\/wp-json\/wp\/v2\/media\/16179"}],"wp:attachment":[{"href":"https:\/\/dealit.lv\/en\/wp-json\/wp\/v2\/media?parent=16178"}],"wp:term":[{"taxonomy":"product_brand","embeddable":true,"href":"https:\/\/dealit.lv\/en\/wp-json\/wp\/v2\/product_brand?post=16178"},{"taxonomy":"product_cat","embeddable":true,"href":"https:\/\/dealit.lv\/en\/wp-json\/wp\/v2\/product_cat?post=16178"},{"taxonomy":"product_tag","embeddable":true,"href":"https:\/\/dealit.lv\/en\/wp-json\/wp\/v2\/product_tag?post=16178"}],"curies":[{"name":"wp","href":"https:\/\/api.w.org\/{rel}","templated":true}]}}