{"id":1125,"date":"2024-08-30T14:46:49","date_gmt":"2024-08-30T11:46:49","guid":{"rendered":"https:\/\/dealit.lv\/?post_type=product&#038;p=1125"},"modified":"2024-09-04T17:23:49","modified_gmt":"2024-09-04T14:23:49","slug":"logitech-g502-hero-gaming-mouse","status":"publish","type":"product","link":"https:\/\/dealit.lv\/en\/product\/logitech-g502-hero-gaming-mouse\/","title":{"rendered":"Logitech G502 HERO gaming mouse"},"content":{"rendered":"<div class=\"flex max-w-full flex-col flex-grow\">\n<div class=\"min-h-[20px] text-message flex w-full flex-col items-end gap-2 break-words [.text-message+&amp;]:mt-5 overflow-x-auto whitespace-normal\" dir=\"auto\" data-message-author-role=\"assistant\" data-message-id=\"25225a30-f696-443e-b518-68a1b6d7e347\">\n<div class=\"flex w-full flex-col gap-1 empty:hidden first:pt-[3px]\">\n<div class=\"markdown prose w-full break-words dark:prose-invert dark\">\n<p><strong>Tehniskie parametri:<\/strong><\/p>\n<ul>\n<li><strong>Sensors:<\/strong> HERO 16K<\/li>\n<li><strong>DPI:<\/strong> Regul\u0113jams no 100 l\u012bdz 16 000 DPI<\/li>\n<li><strong>Pogu skaits:<\/strong> 11 programm\u0113jamas pogas<\/li>\n<li><strong>Apgaismojums:<\/strong> RGB LIGHTSYNC, 16,8 miljoni kr\u0101su<\/li>\n<li><strong>Svars:<\/strong> Piel\u0101gojams ar 5 main\u0101miem svariem (katrs svars &#8211; 3,6 g)<\/li>\n<li><strong>Savienojums:<\/strong> Vadu savienojums (USB)<\/li>\n<li><strong>Atmi\u0146a:<\/strong> Iek\u0161\u0113j\u0101 atmi\u0146a l\u012bdz 5 profilu saglab\u0101\u0161anai<\/li>\n<li><strong>Peles p\u0113das:<\/strong> Ilgm\u016b\u017e\u012bgas, ar zemu berzi<\/li>\n<li><strong>Kabelis:<\/strong> 2,10 m<\/li>\n<li><strong>Sader\u012bba:<\/strong> Windows 7 vai jaun\u0101ks, macOS 10.11 vai jaun\u0101ks, Chrome OS<\/li>\n<\/ul>\n<p>Logitech G502 HERO pele ir ide\u0101ls risin\u0101jums sp\u0113\u013cu entuziastiem, kas mekl\u0113 veiktsp\u0113ju, piel\u0101gojam\u012bbu un komfortu vien\u0101 ier\u012bc\u0113.<\/p>\n<\/div>\n<\/div>\n<\/div>\n<\/div>\n<div class=\"mt-1 flex gap-3 empty:hidden -ml-2\">\n<div class=\"items-center justify-start rounded-xl p-1 flex\">\n<div class=\"flex items-center\"><\/div>\n<\/div>\n<\/div>\n","protected":false},"excerpt":{"rendered":"<p><span class=\"moze-secondary\">Scheduled delivery:\u00a0<\/span><b><span class=\"moze-secondary\">within 1-2 working days<\/span><\/b><\/p>\n<p><strong>Free shipping<\/strong><\/p>\n<hr \/>\n<p><strong>Color<\/strong> \u2013 Black<\/p>\n<p><strong>Connection<\/strong> \u2013 Wired<\/p>\n<p>The Logitech G502 HERO is a high-performance gaming mouse designed to provide precision and comfort for even the most demanding gamers. This mouse is equipped with a HERO 16K sensor that provides excellent accuracy with an adjustable DPI of up to 16,000. The mouse is equipped with 11 programmable buttons that allow you to customize the operation of the mouse to your needs, giving you an added advantage during gaming. RGB lighting lets you choose from over 16.8 million colors to customize the look of the mouse to your liking. The mouse has five adjustable weights that allow you to adjust the weight and balance of the mouse to perfectly suit your gaming style.<\/p>","protected":false},"featured_media":1126,"template":"","meta":[],"product_brand":[],"product_cat":[24],"product_tag":[],"class_list":{"0":"post-1125","1":"product","2":"type-product","3":"status-publish","4":"has-post-thumbnail","6":"product_cat-gaming-aksesuari","8":"first","9":"outofstock","10":"sale","11":"taxable","12":"shipping-taxable","13":"purchasable","14":"product-type-simple"},"_links":{"self":[{"href":"https:\/\/dealit.lv\/en\/wp-json\/wp\/v2\/product\/1125","targetHints":{"allow":["GET"]}}],"collection":[{"href":"https:\/\/dealit.lv\/en\/wp-json\/wp\/v2\/product"}],"about":[{"href":"https:\/\/dealit.lv\/en\/wp-json\/wp\/v2\/types\/product"}],"wp:featuredmedia":[{"embeddable":true,"href":"https:\/\/dealit.lv\/en\/wp-json\/wp\/v2\/media\/1126"}],"wp:attachment":[{"href":"https:\/\/dealit.lv\/en\/wp-json\/wp\/v2\/media?parent=1125"}],"wp:term":[{"taxonomy":"product_brand","embeddable":true,"href":"https:\/\/dealit.lv\/en\/wp-json\/wp\/v2\/product_brand?post=1125"},{"taxonomy":"product_cat","embeddable":true,"href":"https:\/\/dealit.lv\/en\/wp-json\/wp\/v2\/product_cat?post=1125"},{"taxonomy":"product_tag","embeddable":true,"href":"https:\/\/dealit.lv\/en\/wp-json\/wp\/v2\/product_tag?post=1125"}],"curies":[{"name":"wp","href":"https:\/\/api.w.org\/{rel}","templated":true}]}}