{"id":1099,"date":"2024-08-27T11:34:18","date_gmt":"2024-08-27T08:34:18","guid":{"rendered":"https:\/\/dealit.lv\/?post_type=product&#038;p=1099"},"modified":"2026-02-08T22:01:20","modified_gmt":"2026-02-08T20:01:20","slug":"tiergrade-meta-quest-link-cable-6m-compatible-with-meta-quest-3-2-pro-pico4-pro-5-gbps-usb-3-2-gen1-to-usb-c","status":"publish","type":"product","link":"https:\/\/dealit.lv\/en\/product\/tiergrade-meta-quest-link-cable-6m-compatible-with-meta-quest-3-2-pro-pico4-pro-5-gbps-usb-3-2-gen1-to-usb-c\/","title":{"rendered":"Tiergrade Meta Quest Link 6m Cable Compatible with Meta Quest 3\/3S\/2\/Pro PICO4\/Pro (5 Gbps, USB 3.2 Gen1 to USB C)"},"content":{"rendered":"<div class=\"flex max-w-full flex-col flex-grow\">\n<div class=\"min-h-[20px] text-message flex w-full flex-col items-end gap-2 break-words [.text-message+&amp;]:mt-5 overflow-x-auto whitespace-normal\" dir=\"auto\" data-message-author-role=\"assistant\" data-message-id=\"8c70dafa-c99a-4231-81b8-80db4a4cd7df\">\n<div class=\"flex w-full flex-col gap-1 empty:hidden first:pt-[3px]\">\n<div class=\"markdown prose w-full break-words dark:prose-invert dark\">\n<p>Tiergrade Link Cable 6 m nodro\u0161ina stabilu un \u0101tru savienojumu, kas ir ide\u0101li piem\u0113rots tiem, kas v\u0113las izbaud\u012bt VR pieredzi bez kav\u0113\u0161an\u0101s. Kabe\u013ca garums un kvalit\u0101te nodro\u0161ina pla\u0161u p\u0101rvieto\u0161an\u0101s br\u012bv\u012bbu, vienlaikus saglab\u0101jot augstas veiktsp\u0113jas savienojumu.<\/p>\n<\/div>\n<\/div>\n<\/div>\n<\/div>\n<div class=\"mt-1 flex gap-3 empty:hidden -ml-2\">\n<div class=\"items-center justify-start rounded-xl p-1 flex\">\n<div class=\"flex items-center\"><\/div>\n<\/div>\n<\/div>\n","protected":false},"excerpt":{"rendered":"<div class=\"woocommerce-product-details__short-description\">\n<p class=\"moze-right\"><span class=\"moze-secondary\">Scheduled delivery: <strong>1-2<\/strong><\/span><b><span class=\"moze-secondary\"><strong> do<\/strong>within days<\/span><\/b><\/p>\n<p><span style=\"color: #339966;\"><strong>Free shipping<\/strong><\/span><\/p>\n<hr \/>\n<p><strong>Product name:<\/strong> Tiergrade Link Cable 6 m<br \/>\n<strong>Connection type:<\/strong> USB 3.2 Gen1<br \/>\n<strong>Length:<\/strong> 6 meters<br \/>\n<strong>Speed:<\/strong> Up to 5 Gbps<br \/>\n<strong>Material:<\/strong> High quality flexible PVC<br \/>\n<strong>Connectors:<\/strong> USB-C, or USB-A to USB-C<br \/>\n<strong>Color:<\/strong> White<br \/>\n<strong>Flexibility:<\/strong> High level of flexibility to ensure comfortable use and minimal resistance to movement<br \/>\n<strong>Power supply:<\/strong> Supports data transfer and device charging at the same time<br \/>\n<strong>Security:<\/strong> Built-in over-voltage and short-circuit protection<\/p>\n<\/div>","protected":false},"featured_media":1104,"template":"","meta":[],"product_brand":[],"product_cat":[119,120],"product_tag":[],"class_list":{"0":"post-1099","1":"product","2":"type-product","3":"status-publish","4":"has-post-thumbnail","6":"product_cat-kabeli","7":"product_cat-vr-aksesuari","9":"first","10":"outofstock","11":"taxable","12":"shipping-taxable","13":"purchasable","14":"product-type-simple"},"_links":{"self":[{"href":"https:\/\/dealit.lv\/en\/wp-json\/wp\/v2\/product\/1099","targetHints":{"allow":["GET"]}}],"collection":[{"href":"https:\/\/dealit.lv\/en\/wp-json\/wp\/v2\/product"}],"about":[{"href":"https:\/\/dealit.lv\/en\/wp-json\/wp\/v2\/types\/product"}],"wp:featuredmedia":[{"embeddable":true,"href":"https:\/\/dealit.lv\/en\/wp-json\/wp\/v2\/media\/1104"}],"wp:attachment":[{"href":"https:\/\/dealit.lv\/en\/wp-json\/wp\/v2\/media?parent=1099"}],"wp:term":[{"taxonomy":"product_brand","embeddable":true,"href":"https:\/\/dealit.lv\/en\/wp-json\/wp\/v2\/product_brand?post=1099"},{"taxonomy":"product_cat","embeddable":true,"href":"https:\/\/dealit.lv\/en\/wp-json\/wp\/v2\/product_cat?post=1099"},{"taxonomy":"product_tag","embeddable":true,"href":"https:\/\/dealit.lv\/en\/wp-json\/wp\/v2\/product_tag?post=1099"}],"curies":[{"name":"wp","href":"https:\/\/api.w.org\/{rel}","templated":true}]}}