{"id":1031,"date":"2024-08-12T10:34:54","date_gmt":"2024-08-12T07:34:54","guid":{"rendered":"https:\/\/dealit.lv\/?page_id=1031"},"modified":"2024-08-12T11:00:48","modified_gmt":"2024-08-12T08:00:48","slug":"maksa-velak","status":"publish","type":"page","link":"https:\/\/dealit.lv\/en\/maksa-velak\/","title":{"rendered":"Pay later!"},"content":{"rendered":"\t\t<div data-elementor-type=\"wp-page\" data-elementor-id=\"1031\" class=\"elementor elementor-1031\" data-elementor-post-type=\"page\">\n\t\t\t\t\t\t<section class=\"wd-negative-gap elementor-section elementor-top-section elementor-element elementor-element-91e39a2 elementor-section-boxed elementor-section-height-default elementor-section-height-default\" data-id=\"91e39a2\" data-element_type=\"section\" data-e-type=\"section\">\n\t\t\t\t\t\t<div class=\"elementor-container elementor-column-gap-default\">\n\t\t\t\t\t<div class=\"elementor-column elementor-col-100 elementor-top-column elementor-element elementor-element-0f59b50\" data-id=\"0f59b50\" data-element_type=\"column\" data-e-type=\"column\">\n\t\t\t<div class=\"elementor-widget-wrap elementor-element-populated\">\n\t\t\t\t\t\t<div class=\"elementor-element elementor-element-07ce4eb elementor-widget elementor-widget-image\" data-id=\"07ce4eb\" data-element_type=\"widget\" data-e-type=\"widget\" data-widget_type=\"image.default\">\n\t\t\t\t<div class=\"elementor-widget-container\">\n\t\t\t\t\t\t\t\t\t\t\t\t\t\t\t<img fetchpriority=\"high\" decoding=\"async\" width=\"1171\" height=\"350\" src=\"https:\/\/dealit.lv\/wp-content\/uploads\/2024\/08\/banner_1170x350_LV.jpg\" class=\"attachment-1536x1536 size-1536x1536 wp-image-1033\" alt=\"\" srcset=\"https:\/\/dealit.lv\/wp-content\/uploads\/2024\/08\/banner_1170x350_LV.jpg 1171w, https:\/\/dealit.lv\/wp-content\/uploads\/2024\/08\/banner_1170x350_LV-300x90.jpg 300w, https:\/\/dealit.lv\/wp-content\/uploads\/2024\/08\/banner_1170x350_LV-1024x306.jpg 1024w, https:\/\/dealit.lv\/wp-content\/uploads\/2024\/08\/banner_1170x350_LV-768x230.jpg 768w, https:\/\/dealit.lv\/wp-content\/uploads\/2024\/08\/banner_1170x350_LV-18x5.jpg 18w, https:\/\/dealit.lv\/wp-content\/uploads\/2024\/08\/banner_1170x350_LV-600x179.jpg 600w, https:\/\/dealit.lv\/wp-content\/uploads\/2024\/08\/banner_1170x350_LV-100x30.jpg 100w\" sizes=\"(max-width: 1171px) 100vw, 1171px\" \/>\t\t\t\t\t\t\t\t\t\t\t\t\t\t\t<\/div>\n\t\t\t\t<\/div>\n\t\t\t\t\t<\/div>\n\t\t<\/div>\n\t\t\t\t\t<\/div>\n\t\t<\/section>\n\t\t\t\t<section class=\"wd-negative-gap elementor-section elementor-top-section elementor-element elementor-element-3d82554 elementor-section-boxed elementor-section-height-default elementor-section-height-default\" data-id=\"3d82554\" data-element_type=\"section\" data-e-type=\"section\">\n\t\t\t\t\t\t<div class=\"elementor-container elementor-column-gap-default\">\n\t\t\t\t\t<div class=\"elementor-column elementor-col-100 elementor-top-column elementor-element elementor-element-5314e8d\" data-id=\"5314e8d\" data-element_type=\"column\" data-e-type=\"column\">\n\t\t\t<div class=\"elementor-widget-wrap elementor-element-populated\">\n\t\t\t\t\t\t<div class=\"elementor-element elementor-element-1dda6dd color-scheme-inherit text-left elementor-widget elementor-widget-text-editor\" data-id=\"1dda6dd\" data-element_type=\"widget\" data-e-type=\"widget\" data-widget_type=\"text-editor.default\">\n\t\t\t\t<div class=\"elementor-widget-container\">\n\t\t\t\t\t\t\t\t\t<h4 style=\"text-align: center;\" align=\"center\"><span lang=\"LV\" style=\"font-family: 'Arial',sans-serif; color: black; mso-themecolor: text1; mso-ansi-language: LV;\">Vai esi k\u0101dreiz m\u0113\u0123in\u0101jis apmaks\u0101t pirkumu pa da\u013c\u0101m?<\/span><\/h4><p style=\"text-align: center;\" align=\"center\"><span lang=\"LV\" style=\"font-family: 'Arial',sans-serif; color: black; mso-themecolor: text1; mso-ansi-language: LV;\">\u00a0<\/span><\/p><h4 style=\"text-align: center;\" align=\"center\"><span lang=\"LV\" style=\"font-family: 'Arial',sans-serif; color: black; mso-themecolor: text1; mso-ansi-language: LV;\">Neatliec pirkumu, sa\u0146em preces nomaks\u0101 uzreiz un maks\u0101 pa da\u013c\u0101m v\u0113l\u0101k!<\/span><\/h4><h4 style=\"text-align: center;\" align=\"center\"><span lang=\"LV\" style=\"font-family: 'Arial',sans-serif; color: black; mso-themecolor: text1; mso-ansi-language: LV;\">Sadarb\u012bb\u0101 ar Inbank pied\u0101v\u0101jam lielisku iesp\u0113ju p\u0101rv\u0113rst lielus, vienreiz\u0113jus t\u0113ri\u0146us par maziem ikm\u0113ne\u0161a izdevumiem.<\/span><\/h4><p style=\"text-align: center;\" align=\"center\"><span lang=\"LV\" style=\"font-family: 'Arial',sans-serif; color: black; mso-themecolor: text1; mso-ansi-language: LV;\">\u00a0<\/span><\/p><h4 style=\"text-align: center;\" align=\"center\"><span lang=\"LV\" style=\"font-family: 'Arial',sans-serif; color: black; mso-themecolor: text1; mso-ansi-language: LV;\">K\u0101 ieg\u0101d\u0101ties preces nomaks\u0101?<b><br \/><!-- [if !supportLineBreakNewLine]--><br \/><!--[endif]--><\/b><\/span><\/h4>\t\t\t\t\t\t\t\t<\/div>\n\t\t\t\t<\/div>\n\t\t\t\t\t<\/div>\n\t\t<\/div>\n\t\t\t\t\t<\/div>\n\t\t<\/section>\n\t\t\t\t<section class=\"wd-negative-gap elementor-section elementor-top-section elementor-element elementor-element-4ceed4b elementor-section-boxed elementor-section-height-default elementor-section-height-default\" data-id=\"4ceed4b\" data-element_type=\"section\" data-e-type=\"section\">\n\t\t\t\t\t\t<div class=\"elementor-container elementor-column-gap-default\">\n\t\t\t\t\t<div class=\"elementor-column elementor-col-100 elementor-top-column elementor-element elementor-element-3ad5d87\" data-id=\"3ad5d87\" data-element_type=\"column\" data-e-type=\"column\">\n\t\t\t<div class=\"elementor-widget-wrap elementor-element-populated\">\n\t\t\t\t\t\t<div class=\"elementor-element elementor-element-4d0a898 elementor-widget elementor-widget-image\" data-id=\"4d0a898\" data-element_type=\"widget\" data-e-type=\"widget\" data-widget_type=\"image.default\">\n\t\t\t\t<div class=\"elementor-widget-container\">\n\t\t\t\t\t\t\t\t\t\t\t\t\t\t\t<img decoding=\"async\" width=\"1024\" height=\"451\" src=\"https:\/\/dealit.lv\/wp-content\/uploads\/2024\/08\/Inbank-icon-flow-nomaksa-LV-1024x451.png\" class=\"attachment-large size-large wp-image-1034\" alt=\"\" srcset=\"https:\/\/dealit.lv\/wp-content\/uploads\/2024\/08\/Inbank-icon-flow-nomaksa-LV-1024x451.png 1024w, https:\/\/dealit.lv\/wp-content\/uploads\/2024\/08\/Inbank-icon-flow-nomaksa-LV-300x132.png 300w, https:\/\/dealit.lv\/wp-content\/uploads\/2024\/08\/Inbank-icon-flow-nomaksa-LV-768x338.png 768w, https:\/\/dealit.lv\/wp-content\/uploads\/2024\/08\/Inbank-icon-flow-nomaksa-LV-18x8.png 18w, https:\/\/dealit.lv\/wp-content\/uploads\/2024\/08\/Inbank-icon-flow-nomaksa-LV-600x264.png 600w, https:\/\/dealit.lv\/wp-content\/uploads\/2024\/08\/Inbank-icon-flow-nomaksa-LV-100x44.png 100w, https:\/\/dealit.lv\/wp-content\/uploads\/2024\/08\/Inbank-icon-flow-nomaksa-LV.png 1441w\" sizes=\"(max-width: 1024px) 100vw, 1024px\" \/>\t\t\t\t\t\t\t\t\t\t\t\t\t\t\t<\/div>\n\t\t\t\t<\/div>\n\t\t\t\t\t<\/div>\n\t\t<\/div>\n\t\t\t\t\t<\/div>\n\t\t<\/section>\n\t\t\t\t<section class=\"wd-negative-gap elementor-section elementor-top-section elementor-element elementor-element-363d8fc elementor-section-boxed elementor-section-height-default elementor-section-height-default\" data-id=\"363d8fc\" data-element_type=\"section\" data-e-type=\"section\">\n\t\t\t\t\t\t<div class=\"elementor-container elementor-column-gap-default\">\n\t\t\t\t\t<div class=\"elementor-column elementor-col-100 elementor-top-column elementor-element elementor-element-e400c59\" data-id=\"e400c59\" data-element_type=\"column\" data-e-type=\"column\">\n\t\t\t<div class=\"elementor-widget-wrap elementor-element-populated\">\n\t\t\t\t\t\t<div class=\"elementor-element elementor-element-500c089 color-scheme-inherit text-left elementor-widget elementor-widget-text-editor\" data-id=\"500c089\" data-element_type=\"widget\" data-e-type=\"widget\" data-widget_type=\"text-editor.default\">\n\t\t\t\t<div class=\"elementor-widget-container\">\n\t\t\t\t\t\t\t\t\t<p class=\"MsoNormal\" style=\"text-align: center;\" align=\"center\"><b><span lang=\"LV\" style=\"font-family: 'Arial',sans-serif; color: black; mso-themecolor: text1; mso-ansi-language: LV;\">Nosac\u012bjumi, lai ieg\u0101d\u0101tos preci nomaks\u0101<\/span><\/b><\/p><p class=\"MsoNormal\" style=\"text-align: center;\" align=\"center\"><span lang=\"LV\" style=\"font-family: 'Arial',sans-serif; color: black; mso-themecolor: text1; mso-ansi-language: LV;\">\u00a0<\/span><\/p><p class=\"MsoListParagraphCxSpFirst\" style=\"text-indent: -0.25in; text-align: center;\"><!-- [if !supportLists]--><span lang=\"LV\" style=\"font-family: Symbol; mso-fareast-font-family: Symbol; mso-bidi-font-family: Symbol; color: black; mso-themecolor: text1; mso-ansi-language: LV;\">\u00b7<span style=\"font-variant-numeric: normal; font-variant-east-asian: normal; font-variant-alternates: normal; font-size-adjust: none; font-kerning: auto; font-optical-sizing: auto; font-feature-settings: normal; font-variation-settings: normal; font-variant-position: normal; font-stretch: normal; font-size: 7pt; line-height: normal; font-family: 'Times New Roman';\">\u00a0\u00a0\u00a0\u00a0\u00a0\u00a0\u00a0\u00a0 <\/span><\/span><!--[endif]--><span lang=\"LV\" style=\"font-family: 'Arial',sans-serif; color: black; mso-themecolor: text1; mso-ansi-language: LV;\">Nomaksas termi\u0146\u0161 3-72 m\u0113ne\u0161i<\/span><\/p><p class=\"MsoListParagraphCxSpMiddle\" style=\"text-indent: -0.25in; text-align: center;\"><!-- [if !supportLists]--><span lang=\"LV\" style=\"font-family: Symbol; mso-fareast-font-family: Symbol; mso-bidi-font-family: Symbol; color: black; mso-themecolor: text1; mso-ansi-language: LV;\">\u00b7<span style=\"font-variant-numeric: normal; font-variant-east-asian: normal; font-variant-alternates: normal; font-size-adjust: none; font-kerning: auto; font-optical-sizing: auto; font-feature-settings: normal; font-variation-settings: normal; font-variant-position: normal; font-stretch: normal; font-size: 7pt; line-height: normal; font-family: 'Times New Roman';\">\u00a0\u00a0\u00a0\u00a0\u00a0\u00a0\u00a0\u00a0 <\/span><\/span><!--[endif]--><span lang=\"LV\" style=\"font-family: 'Arial',sans-serif; color: black; mso-themecolor: text1; mso-ansi-language: LV;\">Summa no 75 l\u012bdz 2 500 \u20ac<\/span><\/p><p class=\"MsoListParagraphCxSpMiddle\" style=\"text-indent: -0.25in; text-align: center;\"><!-- [if !supportLists]--><span lang=\"LV\" style=\"font-family: Symbol; mso-fareast-font-family: Symbol; mso-bidi-font-family: Symbol; color: black; mso-themecolor: text1; mso-ansi-language: LV;\">\u00b7<span style=\"font-variant-numeric: normal; font-variant-east-asian: normal; font-variant-alternates: normal; font-size-adjust: none; font-kerning: auto; font-optical-sizing: auto; font-feature-settings: normal; font-variation-settings: normal; font-variant-position: normal; font-stretch: normal; font-size: 7pt; line-height: normal; font-family: 'Times New Roman';\">\u00a0\u00a0\u00a0\u00a0\u00a0\u00a0\u00a0\u00a0 <\/span><\/span><!--[endif]--><span lang=\"LV\" style=\"font-family: 'Arial',sans-serif; color: black; mso-themecolor: text1; mso-ansi-language: LV;\">Pirmstermi\u0146a atmaksa piln\u0101 apm\u0113r\u0101 tiek veikta bez maksas<\/span><\/p><p class=\"MsoListParagraphCxSpLast\" style=\"text-indent: -0.25in; text-align: center;\"><!-- [if !supportLists]--><span lang=\"LV\" style=\"font-family: Symbol; mso-fareast-font-family: Symbol; mso-bidi-font-family: Symbol; color: black; mso-themecolor: text1; mso-ansi-language: LV;\">\u00b7<span style=\"font-variant-numeric: normal; font-variant-east-asian: normal; font-variant-alternates: normal; font-size-adjust: none; font-kerning: auto; font-optical-sizing: auto; font-feature-settings: normal; font-variation-settings: normal; font-variant-position: normal; font-stretch: normal; font-size: 7pt; line-height: normal; font-family: 'Times New Roman';\">\u00a0\u00a0\u00a0\u00a0\u00a0\u00a0\u00a0\u00a0 <\/span><\/span><!--[endif]--><span lang=\"LV\" style=\"font-family: 'Arial',sans-serif; color: black; mso-themecolor: text1; mso-ansi-language: LV;\">Veic pirmo iemaksu, ja tas b\u016bs nepiecie\u0161ams<\/span><\/p><p class=\"MsoNormal\" style=\"text-align: center;\"><span lang=\"LV\" style=\"font-family: 'Arial',sans-serif; color: black; mso-themecolor: text1; mso-ansi-language: LV;\">\u00a0<\/span><\/p><p class=\"MsoListParagraphCxSpFirst\" style=\"text-indent: -0.25in; line-height: 115%; text-align: center;\"><!-- [if !supportLists]--><span lang=\"LV\" style=\"font-family: Symbol; mso-fareast-font-family: Symbol; mso-bidi-font-family: Symbol; color: black; mso-themecolor: text1; mso-ansi-language: LV;\">\u00b7<span style=\"font-variant-numeric: normal; font-variant-east-asian: normal; font-variant-alternates: normal; font-size-adjust: none; font-kerning: auto; font-optical-sizing: auto; font-feature-settings: normal; font-variation-settings: normal; font-variant-position: normal; font-stretch: normal; font-size: 7pt; line-height: normal; font-family: 'Times New Roman';\">\u00a0\u00a0\u00a0\u00a0\u00a0\u00a0\u00a0\u00a0 <\/span><\/span><!--[endif]--><span lang=\"LV\" style=\"font-family: 'Arial',sans-serif; color: black; mso-themecolor: text1; mso-ansi-language: LV;\">Klients nav jaun\u0101ks par 18 gadiem<\/span><\/p><p class=\"MsoListParagraphCxSpMiddle\" style=\"text-indent: -0.25in; line-height: 115%; text-align: center;\"><!-- [if !supportLists]--><span lang=\"LV\" style=\"font-family: Symbol; mso-fareast-font-family: Symbol; mso-bidi-font-family: Symbol; color: black; mso-themecolor: text1; mso-ansi-language: LV;\">\u00b7<span style=\"font-variant-numeric: normal; font-variant-east-asian: normal; font-variant-alternates: normal; font-size-adjust: none; font-kerning: auto; font-optical-sizing: auto; font-feature-settings: normal; font-variation-settings: normal; font-variant-position: normal; font-stretch: normal; font-size: 7pt; line-height: normal; font-family: 'Times New Roman';\">\u00a0\u00a0\u00a0\u00a0\u00a0\u00a0\u00a0\u00a0 <\/span><\/span><!--[endif]--><span lang=\"LV\" style=\"font-family: 'Arial',sans-serif; color: black; mso-themecolor: text1; mso-ansi-language: LV;\">Ikm\u0113ne\u0161a ien\u0101kumi ir vismaz 350 EUR p\u0113c nodok\u013cu nomaksas<\/span><\/p><p class=\"MsoListParagraphCxSpMiddle\" style=\"text-indent: -0.25in; line-height: 115%; text-align: center;\"><!-- [if !supportLists]--><span lang=\"LV\" style=\"font-family: Symbol; mso-fareast-font-family: Symbol; mso-bidi-font-family: Symbol; color: black; mso-themecolor: text1; mso-ansi-language: LV;\">\u00b7<span style=\"font-variant-numeric: normal; font-variant-east-asian: normal; font-variant-alternates: normal; font-size-adjust: none; font-kerning: auto; font-optical-sizing: auto; font-feature-settings: normal; font-variation-settings: normal; font-variant-position: normal; font-stretch: normal; font-size: 7pt; line-height: normal; font-family: 'Times New Roman';\">\u00a0\u00a0\u00a0\u00a0\u00a0\u00a0\u00a0\u00a0 <\/span><\/span><!--[endif]--><span lang=\"LV\" style=\"font-family: 'Arial',sans-serif; color: black; mso-themecolor: text1; mso-ansi-language: LV;\">Pozit\u012bva kred\u012btv\u0113sture<\/span><\/p><p class=\"MsoListParagraphCxSpMiddle\" style=\"text-indent: -0.25in; line-height: 115%; text-align: center;\"><!-- [if !supportLists]--><span lang=\"LV\" style=\"font-family: Symbol; mso-fareast-font-family: Symbol; mso-bidi-font-family: Symbol; color: black; mso-themecolor: text1; mso-ansi-language: LV;\">\u00b7<span style=\"font-variant-numeric: normal; font-variant-east-asian: normal; font-variant-alternates: normal; font-size-adjust: none; font-kerning: auto; font-optical-sizing: auto; font-feature-settings: normal; font-variation-settings: normal; font-variant-position: normal; font-stretch: normal; font-size: 7pt; line-height: normal; font-family: 'Times New Roman';\">\u00a0\u00a0\u00a0\u00a0\u00a0\u00a0\u00a0\u00a0 <\/span><\/span><!--[endif]--><span lang=\"LV\" style=\"font-family: 'Arial',sans-serif; color: black; mso-themecolor: text1; mso-ansi-language: LV;\">Nomaksas summa tiek noteikta atbilsto\u0161i aiz\u0146\u0113m\u0113ja ien\u0101kumiem un eso\u0161o saist\u012bbu apm\u0113ram<\/span><\/p><p class=\"MsoListParagraphCxSpLast\" style=\"text-indent: -0.25in; line-height: 115%; text-align: center;\"><!-- [if !supportLists]--><span lang=\"LV\" style=\"font-family: Symbol; mso-fareast-font-family: Symbol; mso-bidi-font-family: Symbol; color: black; mso-themecolor: text1; mso-ansi-language: LV;\">\u00b7<span style=\"font-variant-numeric: normal; font-variant-east-asian: normal; font-variant-alternates: normal; font-size-adjust: none; font-kerning: auto; font-optical-sizing: auto; font-feature-settings: normal; font-variation-settings: normal; font-variant-position: normal; font-stretch: normal; font-size: 7pt; line-height: normal; font-family: 'Times New Roman';\">\u00a0\u00a0\u00a0\u00a0\u00a0\u00a0\u00a0\u00a0 <\/span><\/span><!--[endif]--><span lang=\"LV\" style=\"font-family: 'Arial',sans-serif; color: black; mso-themecolor: text1; mso-ansi-language: LV;\">Pirkumiem virs 1400 EUR \u2013 oblig\u0101ta pirm\u0101 iemaksa ir 10%<\/span><\/p><p class=\"MsoNormal\" style=\"line-height: 115%;\"><span lang=\"LV\" style=\"font-family: 'Arial',sans-serif; color: black; mso-themecolor: text1; mso-ansi-language: LV;\">\u00a0<\/span><\/p>\t\t\t\t\t\t\t\t<\/div>\n\t\t\t\t<\/div>\n\t\t\t\t\t<\/div>\n\t\t<\/div>\n\t\t\t\t\t<\/div>\n\t\t<\/section>\n\t\t\t\t<section class=\"wd-negative-gap elementor-section elementor-top-section elementor-element elementor-element-80fe6b6 elementor-section-boxed elementor-section-height-default elementor-section-height-default\" data-id=\"80fe6b6\" data-element_type=\"section\" data-e-type=\"section\">\n\t\t\t\t\t\t<div class=\"elementor-container elementor-column-gap-default\">\n\t\t\t\t\t<div class=\"elementor-column elementor-col-100 elementor-top-column elementor-element elementor-element-b34f283\" data-id=\"b34f283\" data-element_type=\"column\" data-e-type=\"column\">\n\t\t\t<div class=\"elementor-widget-wrap elementor-element-populated\">\n\t\t\t\t\t\t<div class=\"elementor-element elementor-element-3f69e92 elementor-widget elementor-widget-html\" data-id=\"3f69e92\" data-element_type=\"widget\" data-e-type=\"widget\" data-widget_type=\"html.default\">\n\t\t\t\t<div class=\"elementor-widget-container\">\n\t\t\t\t\t<iframe frameborder=\"0\" scrolling=\"no\" height=\"450\" width=\"1350\" src=\"https:\/\/calculator.inbank.lv\/calculator\/indivy\/plan?amount=500&shop_uuid=91218665-dda6-4a19-b382-2cc08d1db047&product_code=splendid_duo_hp_epos&currency=eur&lang=lv&template=editable_amount&mode=grey&logo=true&delimiter=false&show_sample=true&start_session=false\"><\/iframe>\n\t\t\t\t<\/div>\n\t\t\t\t<\/div>\n\t\t\t\t\t<\/div>\n\t\t<\/div>\n\t\t\t\t\t<\/div>\n\t\t<\/section>\n\t\t\t\t<\/div>\n\t\t","protected":false},"excerpt":{"rendered":"<p>Have you ever tried to pay for a purchase in installments? Don&#039;t put off your purchase, receive the goods in full payment immediately and pay in installments later!<\/p>","protected":false},"author":1,"featured_media":0,"parent":0,"menu_order":0,"comment_status":"closed","ping_status":"closed","template":"","meta":{"footnotes":""},"class_list":["post-1031","page","type-page","status-publish","hentry"],"_links":{"self":[{"href":"https:\/\/dealit.lv\/en\/wp-json\/wp\/v2\/pages\/1031","targetHints":{"allow":["GET"]}}],"collection":[{"href":"https:\/\/dealit.lv\/en\/wp-json\/wp\/v2\/pages"}],"about":[{"href":"https:\/\/dealit.lv\/en\/wp-json\/wp\/v2\/types\/page"}],"author":[{"embeddable":true,"href":"https:\/\/dealit.lv\/en\/wp-json\/wp\/v2\/users\/1"}],"replies":[{"embeddable":true,"href":"https:\/\/dealit.lv\/en\/wp-json\/wp\/v2\/comments?post=1031"}],"version-history":[{"count":8,"href":"https:\/\/dealit.lv\/en\/wp-json\/wp\/v2\/pages\/1031\/revisions"}],"predecessor-version":[{"id":1044,"href":"https:\/\/dealit.lv\/en\/wp-json\/wp\/v2\/pages\/1031\/revisions\/1044"}],"wp:attachment":[{"href":"https:\/\/dealit.lv\/en\/wp-json\/wp\/v2\/media?parent=1031"}],"curies":[{"name":"wp","href":"https:\/\/api.w.org\/{rel}","templated":true}]}}